{"id":23,"date":"2015-08-21T20:34:39","date_gmt":"2015-08-21T20:34:39","guid":{"rendered":"http:\/\/biston.edu.uy\/?page_id=23"},"modified":"2015-08-21T20:41:15","modified_gmt":"2015-08-21T20:41:15","slug":"institucional","status":"publish","type":"page","link":"https:\/\/biston.edu.uy\/index.php\/institucional\/","title":{"rendered":"Institucional"},"content":{"rendered":"<blockquote><p>Biston Uruguay es una Instituci\u00f3n educativa moderna y flexible que respeta los est\u00e1ndares de calidad en sus procesos y est\u00e1 atenta a las nuevas tendencias en modalidades educativas.<\/p><\/blockquote>\n<p>El mundo de hoy obliga a prepararse continuamente a los cambios que se suceden permanentemente como forma de sobrevivir y ser competitivos, siendo esta una premisa aplicable a todo integrante de la sociedad que se preocupe por su futuro. \u00a0No es casual entonces que nuestra Instituci\u00f3n adopte el nombre de una mariposa que supo enfrentar exitosamente una situaci\u00f3n de crisis revirti\u00e9ndola a su favor en base a la adaptaci\u00f3n a un entorno hostil.<\/p>\n<p>Basada en\u00a0 \u00e9sta premisa de flexibilidad es que colaboramos con empresas, organizaciones sociales y particulares a trav\u00e9s de modalidades que se ajustan a las distintas \u00a0posibilidades de los interesados. Es por ello que la oferta educativa podr\u00e1 realizarse ya sea en forma presencial en las propias organizaciones o fuera de ellas, mediante contenidos semipresenciales (e-learning) o incluso utilizando sistema de videoconferencias.<\/p>\n<p>Nuestro objetivo es la excelencia y la satisfacci\u00f3n de quienes nos eligen. El mejor premio que podemos recibir es formar parte de los procesos de superaci\u00f3n de todos aquellos que conf\u00edan en nosotros.<\/p>\n<p><a href=\"http:\/\/biston.edu.uy\/wp-content\/uploads\/2015\/08\/circulos-web.jpg\"><img loading=\"lazy\" decoding=\"async\" class=\"size-full wp-image-15 aligncenter\" src=\"http:\/\/biston.edu.uy\/wp-content\/uploads\/2015\/08\/circulos-web.jpg\" alt=\"circulos-web\" width=\"300\" height=\"381\" srcset=\"https:\/\/biston.edu.uy\/wp-content\/uploads\/2015\/08\/circulos-web.jpg 300w, https:\/\/biston.edu.uy\/wp-content\/uploads\/2015\/08\/circulos-web-236x300.jpg 236w\" sizes=\"auto, (max-width: 300px) 100vw, 300px\" \/><\/a><\/p>\n","protected":false},"excerpt":{"rendered":"<p>Biston Uruguay es una Instituci\u00f3n educativa moderna y flexible que respeta los est\u00e1ndares de calidad en sus procesos y est\u00e1 atenta a las nuevas tendencias en modalidades educativas. El mundo de hoy obliga a prepararse continuamente a los cambios que se suceden permanentemente como forma de sobrevivir y ser competitivos, siendo esta una premisa aplicable&hellip;<\/p>\n","protected":false},"author":1,"featured_media":0,"parent":0,"menu_order":0,"comment_status":"closed","ping_status":"closed","template":"","meta":{"footnotes":""},"class_list":["post-23","page","type-page","status-publish","hentry","entry","no-media"],"aioseo_notices":[],"_links":{"self":[{"href":"https:\/\/biston.edu.uy\/index.php\/wp-json\/wp\/v2\/pages\/23","targetHints":{"allow":["GET"]}}],"collection":[{"href":"https:\/\/biston.edu.uy\/index.php\/wp-json\/wp\/v2\/pages"}],"about":[{"href":"https:\/\/biston.edu.uy\/index.php\/wp-json\/wp\/v2\/types\/page"}],"author":[{"embeddable":true,"href":"https:\/\/biston.edu.uy\/index.php\/wp-json\/wp\/v2\/users\/1"}],"replies":[{"embeddable":true,"href":"https:\/\/biston.edu.uy\/index.php\/wp-json\/wp\/v2\/comments?post=23"}],"version-history":[{"count":2,"href":"https:\/\/biston.edu.uy\/index.php\/wp-json\/wp\/v2\/pages\/23\/revisions"}],"predecessor-version":[{"id":31,"href":"https:\/\/biston.edu.uy\/index.php\/wp-json\/wp\/v2\/pages\/23\/revisions\/31"}],"wp:attachment":[{"href":"https:\/\/biston.edu.uy\/index.php\/wp-json\/wp\/v2\/media?parent=23"}],"curies":[{"name":"wp","href":"https:\/\/api.w.org\/{rel}","templated":true}]}}