{"id":396,"date":"2020-10-19T15:06:00","date_gmt":"2020-10-19T18:06:00","guid":{"rendered":"https:\/\/biston.edu.uy\/?page_id=396"},"modified":"2020-10-19T15:06:29","modified_gmt":"2020-10-19T18:06:29","slug":"objetivos-de-nuestros-cursos","status":"publish","type":"page","link":"https:\/\/biston.edu.uy\/index.php\/objetivos-de-nuestros-cursos\/","title":{"rendered":"Objetivos de nuestros cursos"},"content":{"rendered":"<p>Ser operario de una m\u00e1quina no se reduce a \u00a0subirse a la misma, conducirla, \u201cmover palancas\u201d y bajarse.<\/p>\n<p>Un operario calificado sabe en primer lugar c\u00f3mo funciona la misma en base a prepararse y aprender constantemente. Conoce c\u00f3mo funciona el motor y los diversos sistemas que involucran su funcionamiento (sistema de admisi\u00f3n y escape; el\u00e9ctrico, refrigeraci\u00f3n, lubricaci\u00f3n, hidr\u00e1ulico) lo cual le brinda la base para cuidar la m\u00e1quina y resolver eventuales desperfectos, ya sea resolvi\u00e9ndolos por s\u00ed mismo o deriv\u00e1ndolos a quien corresponda.<\/p>\n<p>Antes de ascender a una m\u00e1quina por ejemplo realiza el chequeo diario preventivo; programa y ejecuta el engrase que los equipos requieren y ayuda a resolver posibles situaciones que se puedan presentar y que puedan afectar la operaci\u00f3n antes de comenzar las tareas.<\/p>\n<p>Reci\u00e9n a partir de all\u00ed y de saber cual es el plan de actividades para la jornada es que realiza la programaci\u00f3n de tareas espec\u00edficas, en contacto con los responsables de la m\u00e1quina o de la Obra, pasando a partir de all\u00ed a la fase de operaci\u00f3n.<\/p>\n<p>Una vez finalizado el trabajo informa sobre la situaci\u00f3n del equipo en las correspondientes tablas diarias para su mantenimiento preventivo (cantidad de horas para programar cambio de filtros y aceite, situaci\u00f3n de mangones, neum\u00e1ticos, u otros aspectos que puedan afectar el normal funcionamiento de la m\u00e1quina)<\/p>\n<p>Operar un equipo en forma segura \u00a0involucra adem\u00e1s caracter\u00edsticas personales que el operario debe exhibir en su forma de ser de tal modo que permita que la empresa o la persona propietaria de la m\u00e1quina conf\u00ede en que la trabajar\u00e1 eficientemente, adem\u00e1s de cuidarla como corresponde y conducirla en forma responsable.<\/p>\n<p>Nuestras capacitaciones abordan por lo tanto aspectos operativos y actitudinales, los cuales se tratan en conjunto con los \u00a0y las participantes. Para lograr ese objetivo se trabaja con grupos reducidos, con un enfoque muy personalizado por parte de instructores especializados con muchos a\u00f1os de experiencia como operarios y docentes.<\/p>\n","protected":false},"excerpt":{"rendered":"<p>Ser operario de una m\u00e1quina no se reduce a \u00a0subirse a la misma, conducirla, \u201cmover palancas\u201d y bajarse. Un operario calificado sabe en primer lugar c\u00f3mo funciona la misma en base a prepararse y aprender constantemente. Conoce c\u00f3mo funciona el motor y los diversos sistemas que involucran su funcionamiento (sistema de admisi\u00f3n y escape; el\u00e9ctrico,&hellip;<\/p>\n","protected":false},"author":1,"featured_media":0,"parent":0,"menu_order":0,"comment_status":"closed","ping_status":"closed","template":"","meta":{"footnotes":""},"class_list":["post-396","page","type-page","status-publish","hentry","entry","no-media"],"aioseo_notices":[],"_links":{"self":[{"href":"https:\/\/biston.edu.uy\/index.php\/wp-json\/wp\/v2\/pages\/396","targetHints":{"allow":["GET"]}}],"collection":[{"href":"https:\/\/biston.edu.uy\/index.php\/wp-json\/wp\/v2\/pages"}],"about":[{"href":"https:\/\/biston.edu.uy\/index.php\/wp-json\/wp\/v2\/types\/page"}],"author":[{"embeddable":true,"href":"https:\/\/biston.edu.uy\/index.php\/wp-json\/wp\/v2\/users\/1"}],"replies":[{"embeddable":true,"href":"https:\/\/biston.edu.uy\/index.php\/wp-json\/wp\/v2\/comments?post=396"}],"version-history":[{"count":1,"href":"https:\/\/biston.edu.uy\/index.php\/wp-json\/wp\/v2\/pages\/396\/revisions"}],"predecessor-version":[{"id":398,"href":"https:\/\/biston.edu.uy\/index.php\/wp-json\/wp\/v2\/pages\/396\/revisions\/398"}],"wp:attachment":[{"href":"https:\/\/biston.edu.uy\/index.php\/wp-json\/wp\/v2\/media?parent=396"}],"curies":[{"name":"wp","href":"https:\/\/api.w.org\/{rel}","templated":true}]}}