{"id":1241,"date":"2021-11-05T16:12:23","date_gmt":"2021-11-05T19:12:23","guid":{"rendered":"https:\/\/biston.edu.uy\/?post_type=product&#038;p=1241"},"modified":"2026-01-31T16:27:30","modified_gmt":"2026-01-31T19:27:30","slug":"cursos-a-medida-para-personas-con-nociones-previas-carga-de-camion-zanjeo-otras-opciones","status":"publish","type":"product","link":"https:\/\/biston.edu.uy\/index.php\/producto\/cursos-a-medida-para-personas-con-nociones-previas-carga-de-camion-zanjeo-otras-opciones\/","title":{"rendered":"Certificaci\u00f3n de operarios\/as  con experiencia (en diversas m\u00e1quinas)"},"content":{"rendered":"","protected":false},"excerpt":{"rendered":"<p><span style=\"font-size: 16px;\"><span style=\"color: #333399;\"><strong>Biston Uruguay<\/strong><\/span> imparte capacitaciones para <span style=\"text-decoration: underline;\"><span style=\"color: #333399; text-decoration: underline;\"><strong>empresas,<\/strong><\/span><\/span> <span style=\"text-decoration: underline;\"><span style=\"color: #333399; text-decoration: underline;\"><strong>instituciones p\u00fablicas y particulares<\/strong><\/span><\/span>\u00a0desde el <span style=\"color: #333399;\"><strong>a\u00f1o 2012<\/strong><\/span>.<\/span><\/p>\n<p><span style=\"font-size: 16px;\">Contamos con Registro en el\u00a0<span style=\"color: #333399;\"><strong>Ministerio de Educaci\u00f3n y Cultura<\/strong><\/span> y en el\u00a0<span style=\"color: #333399;\"><strong>INEFOP<\/strong>\u00a0<\/span>(Eca 197)<\/span><\/p>\n<p><span style=\"font-size: 16px;\">Por m\u00e1s informaci\u00f3n sobre capacitaciones impartidas se puede ingresar al link:\u00a0<strong><a href=\"https:\/\/biston.edu.uy\/index.php\/instituciones-y-empresas-que-confian-en-nosotros\/\">Instituciones y empresas que conf\u00edan en nosotros<\/a>.<\/strong><\/span><\/p>\n<p style=\"text-align: center;\"><span style=\"text-decoration: underline;\"><span style=\"font-size: 18px;\">Certificaci\u00f3n de operarios\/as con experiencia<\/span><\/span><\/p>\n<p style=\"text-align: left;\"><span style=\"font-size: 16px;\">Para quienes ya cuenten con <span style=\"color: #333399;\"><strong><span style=\"text-decoration: underline;\">experiencia en operaci\u00f3n de maquinaria<\/span><\/strong><\/span> es posible <span style=\"color: #333399;\"><strong>certificar sus competencias laborales<\/strong><\/span> a partir de la constataci\u00f3n de conocimientos y experiencia.<\/span><\/p>\n<p style=\"text-align: left;\"><span style=\"font-size: 16px;\">Esta instancia se instrumentar\u00eda a trav\u00e9s de:<\/span><\/p>\n<ul>\n<li><span style=\"font-size: 16px;\">una evaluaci\u00f3n diagn\u00f3stica para corroborar conocimientos previos en aspectos de seguridad laboral y mantenimiento preventivo;<\/span><\/li>\n<\/ul>\n<ul>\n<li><span style=\"font-size: 16px;\">la realizaci\u00f3n de tareas espec\u00edficas en la m\u00e1quina seleccionada.<\/span><\/li>\n<\/ul>\n<p><a href=\"https:\/\/biston.edu.uy\/wp-content\/uploads\/2021\/11\/Curso-Operacion-de-Palas-Cargadoras-\u2013-Malteria-Paysandu-\u2013-Noviembre-2021-1.jpg\"><img loading=\"lazy\" decoding=\"async\" class=\"size-medium wp-image-1105 aligncenter\" src=\"https:\/\/biston.edu.uy\/wp-content\/uploads\/2021\/11\/Curso-Operacion-de-Palas-Cargadoras-\u2013-Malteria-Paysandu-\u2013-Noviembre-2021-1-224x300.jpg\" alt=\"\" width=\"224\" height=\"300\" srcset=\"https:\/\/biston.edu.uy\/wp-content\/uploads\/2021\/11\/Curso-Operacion-de-Palas-Cargadoras-\u2013-Malteria-Paysandu-\u2013-Noviembre-2021-1-224x300.jpg 224w, https:\/\/biston.edu.uy\/wp-content\/uploads\/2021\/11\/Curso-Operacion-de-Palas-Cargadoras-\u2013-Malteria-Paysandu-\u2013-Noviembre-2021-1-600x802.jpg 600w, https:\/\/biston.edu.uy\/wp-content\/uploads\/2021\/11\/Curso-Operacion-de-Palas-Cargadoras-\u2013-Malteria-Paysandu-\u2013-Noviembre-2021-1.jpg 723w\" sizes=\"auto, (max-width: 224px) 100vw, 224px\" \/><\/a><\/p>\n<p><span style=\"font-size: 16px;\">Por consultas contactarse al <span style=\"color: #333399;\"><strong>091477309<\/strong><\/span><\/span><\/p>\n","protected":false},"featured_media":1439,"comment_status":"closed","ping_status":"closed","template":"","meta":[],"product_brand":[],"product_cat":[20],"product_tag":[],"class_list":{"0":"post-1241","1":"product","2":"type-product","3":"status-publish","4":"has-post-thumbnail","6":"product_cat-cursos","7":"entry","8":"has-media","10":"first","11":"instock","12":"shipping-taxable","13":"product-type-simple"},"aioseo_notices":[],"_links":{"self":[{"href":"https:\/\/biston.edu.uy\/index.php\/wp-json\/wp\/v2\/product\/1241","targetHints":{"allow":["GET"]}}],"collection":[{"href":"https:\/\/biston.edu.uy\/index.php\/wp-json\/wp\/v2\/product"}],"about":[{"href":"https:\/\/biston.edu.uy\/index.php\/wp-json\/wp\/v2\/types\/product"}],"replies":[{"embeddable":true,"href":"https:\/\/biston.edu.uy\/index.php\/wp-json\/wp\/v2\/comments?post=1241"}],"wp:featuredmedia":[{"embeddable":true,"href":"https:\/\/biston.edu.uy\/index.php\/wp-json\/wp\/v2\/media\/1439"}],"wp:attachment":[{"href":"https:\/\/biston.edu.uy\/index.php\/wp-json\/wp\/v2\/media?parent=1241"}],"wp:term":[{"taxonomy":"product_brand","embeddable":true,"href":"https:\/\/biston.edu.uy\/index.php\/wp-json\/wp\/v2\/product_brand?post=1241"},{"taxonomy":"product_cat","embeddable":true,"href":"https:\/\/biston.edu.uy\/index.php\/wp-json\/wp\/v2\/product_cat?post=1241"},{"taxonomy":"product_tag","embeddable":true,"href":"https:\/\/biston.edu.uy\/index.php\/wp-json\/wp\/v2\/product_tag?post=1241"}],"curies":[{"name":"wp","href":"https:\/\/api.w.org\/{rel}","templated":true}]}}