{"id":1291,"date":"2021-11-10T19:18:53","date_gmt":"2021-11-10T22:18:53","guid":{"rendered":"https:\/\/biston.edu.uy\/?post_type=product&#038;p=1291"},"modified":"2026-03-13T18:14:38","modified_gmt":"2026-03-13T21:14:38","slug":"operacion-de-hidrogruas-sobre-camion","status":"publish","type":"product","link":"https:\/\/biston.edu.uy\/index.php\/producto\/operacion-de-hidrogruas-sobre-camion\/","title":{"rendered":"Curso Operaci\u00f3n de Hidrogr\u00faas sobre cami\u00f3n (para particulares y empresas)"},"content":{"rendered":"","protected":false},"excerpt":{"rendered":"<p style=\"text-align: center;\"><span style=\"font-size: 18px;\">1)<\/span> <span style=\"text-decoration: underline;\"><span style=\"font-size: 18px;\">Presentaci\u00f3n institucional<\/span><\/span><\/p>\n<p><span style=\"font-size: 16px;\"><span style=\"color: #333399;\"><strong>Biston Uruguay<\/strong><\/span> imparte capacitaciones para <span style=\"text-decoration: underline;\"><span style=\"color: #333399; text-decoration: underline;\"><strong>empresas, instituciones p\u00fablicas y particulares<\/strong><\/span><\/span>\u00a0desde el <span style=\"color: #333399;\"><strong>a\u00f1o 2012<\/strong><\/span>.<\/span><\/p>\n<p><span style=\"font-size: 16px;\">Como instituci\u00f3n estamos registrados en el <span style=\"color: #333399;\"><strong>Ministerio de Educaci\u00f3n y Cultura<\/strong><\/span> (con exoneraci\u00f3n vigente) as\u00ed como en el <span style=\"color: #333399;\"><strong>INEFOP<\/strong><\/span> (Eca 197) y en el <span style=\"color: #333399;\"><strong>RUPE<\/strong><\/span> (Proveedores del Estado)\u00a0<\/span><\/p>\n<p><span style=\"font-size: 16px;\">Por m\u00e1s informaci\u00f3n sobre capacitaciones impartidas se puede ingresar al link: <span style=\"color: #000080;\"><strong><a style=\"color: #000080;\" href=\"https:\/\/biston.edu.uy\/index.php\/instituciones-y-empresas-que-confian-en-nosotros\/\"><span style=\"color: #000080;\">Instituciones<\/span> y empresas que conf\u00edan en nosotros<\/a>.<\/strong><\/span><\/span><\/p>\n<p style=\"text-align: center;\"><span style=\"font-size: 18px;\">2) <span style=\"text-decoration: underline;\">Curso Operaci\u00f3n de Hidrogr\u00faas sobre cami\u00f3n<\/span><\/span><\/p>\n<figure id=\"attachment_5447\" aria-describedby=\"caption-attachment-5447\" style=\"width: 416px\" class=\"wp-caption aligncenter\"><a href=\"https:\/\/biston.edu.uy\/wp-content\/uploads\/2021\/11\/Foto-web-apaisada.jpg\"><img loading=\"lazy\" decoding=\"async\" class=\"wp-image-5447\" src=\"https:\/\/biston.edu.uy\/wp-content\/uploads\/2021\/11\/Foto-web-apaisada.jpg\" alt=\"\" width=\"416\" height=\"192\" srcset=\"https:\/\/biston.edu.uy\/wp-content\/uploads\/2021\/11\/Foto-web-apaisada.jpg 2040w, https:\/\/biston.edu.uy\/wp-content\/uploads\/2021\/11\/Foto-web-apaisada-300x139.jpg 300w, https:\/\/biston.edu.uy\/wp-content\/uploads\/2021\/11\/Foto-web-apaisada-1024x473.jpg 1024w, https:\/\/biston.edu.uy\/wp-content\/uploads\/2021\/11\/Foto-web-apaisada-768x355.jpg 768w, https:\/\/biston.edu.uy\/wp-content\/uploads\/2021\/11\/Foto-web-apaisada-1536x709.jpg 1536w, https:\/\/biston.edu.uy\/wp-content\/uploads\/2021\/11\/Foto-web-apaisada-600x277.jpg 600w\" sizes=\"auto, (max-width: 416px) 100vw, 416px\" \/><\/a><figcaption id=\"caption-attachment-5447\" class=\"wp-caption-text\"><span style=\"color: #333399; font-size: 14px;\"><strong>Pr\u00e1ctica izaje de columna\u00a0<\/strong><\/span><\/figcaption><\/figure>\n<ul>\n<li><span style=\"font-size: 16px;\">Las capacitaciones se realizan tanto para <span style=\"text-decoration: underline;\">particulares como para empresas e instituciones<\/span>.<\/span><\/li>\n<\/ul>\n<ul>\n<li><span style=\"font-size: 16px;\">Disponemos de <span style=\"color: #333399;\"><strong><span style=\"text-decoration: underline;\">inicios regulares<\/span><\/strong><\/span>, en los cuales <span style=\"color: #333399;\"><strong>proporcionamos<\/strong><\/span> aula para realizaci\u00f3n de capacitaci\u00f3n te\u00f3rica y <span style=\"color: #333399;\"><strong>cami\u00f3n con hidrogr\u00faa para pr\u00e1cticas<\/strong><\/span>.\u00a0<\/span><\/li>\n<\/ul>\n<ul>\n<li><span style=\"font-size: 16px;\">Requisito: contar con <span style=\"color: #333399;\"><strong><span style=\"text-decoration: underline;\">libreta B, C, D o F<\/span><\/strong><\/span>.\u00a0<\/span><\/li>\n<\/ul>\n<ul>\n<li><span style=\"font-size: 16px;\">Quienes se encuentren en <span style=\"color: #333399;\"><strong>Seguro de desempleo<\/strong><\/span> pueden capacitarse <span style=\"text-decoration: underline;\"><span style=\"color: #333399;\"><strong>sin costo<\/strong><\/span><\/span> a trav\u00e9s de <strong><span style=\"color: #333399;\">INEFOP.<\/span><\/strong><\/span><\/li>\n<\/ul>\n<ul>\n<li><span style=\"text-decoration: underline;\">Lugar de realizaci\u00f3n<\/span>: Montevideo.<\/li>\n<\/ul>\n<p style=\"text-align: center;\"><span style=\"font-size: 18px;\">3) <span style=\"text-decoration: underline;\">Contenido program\u00e1tico:<\/span><\/span><\/p>\n<p style=\"text-align: center;\"><span style=\"color: #333399; font-size: 16px;\"><strong><span style=\"text-decoration: underline;\">Introducci\u00f3n te\u00f3rica:<\/span><\/strong><\/span><\/p>\n<ul>\n<li><span style=\"font-size: 16px;\">Definici\u00f3n y clasificaci\u00f3n de Hidrogr\u00faas. Tareas usuales que realizan.<\/span><\/li>\n<\/ul>\n<ul>\n<li><span style=\"font-size: 16px;\">Tabla y c\u00e1lculo de carga. Plan de izaje. Clasificaci\u00f3n. Diferencias entre Plan de izaje estandar y cr\u00edtico.<\/span><\/li>\n<\/ul>\n<ul>\n<li><span style=\"font-size: 16px;\">Clasificaci\u00f3n de Accesorios.<\/span><\/li>\n<\/ul>\n<ul>\n<li><span style=\"font-size: 16px;\">Aspectos operativos y de Prevenci\u00f3n de Riesgos Laborales a tener en cuenta en su operaci\u00f3n.<\/span><\/li>\n<\/ul>\n<ul>\n<li><span style=\"font-size: 16px;\">Emplazamiento y nivelaci\u00f3n del cami\u00f3n. Despliegue de la hidrogr\u00faa.<\/span><\/li>\n<\/ul>\n<ul>\n<li><span style=\"font-size: 16px;\">Precauciones al realizar tareas pr\u00f3ximo a postes el\u00e9ctricos. Se\u00f1ales.<\/span><\/li>\n<\/ul>\n<ul>\n<li><span style=\"font-size: 16px;\">Formas de realizaci\u00f3n de izajes.<\/span><\/li>\n<\/ul>\n<ul>\n<li><span style=\"font-size: 16px;\">Mantenimiento diario preventivo.<\/span><\/li>\n<\/ul>\n<ul>\n<li><span style=\"font-size: 16px;\">Art\u00edculos del Decreto 125\/14 para la Prevenci\u00f3n de Riesgos Laborales.<\/span><\/li>\n<\/ul>\n<p style=\"text-align: center;\"><span style=\"color: #333399; font-size: 16px;\"><strong><span style=\"text-decoration: underline;\">Tareas pr\u00e1cticas:<\/span><\/strong><\/span><\/p>\n<ul>\n<li><span style=\"font-size: 16px;\">Chequeo preventivo del equipo.<\/span><\/li>\n<\/ul>\n<ul>\n<li><span style=\"font-size: 16px;\">Izajes y descargas de diversos elementos (columnas, bobinas, etc)<\/span><\/li>\n<\/ul>\n<p style=\"text-align: center;\"><span style=\"font-size: 18px;\">4) <span style=\"text-decoration: underline;\">Algunas capacitaciones impartidas<\/span><\/span><\/p>\n<figure id=\"attachment_1616\" aria-describedby=\"caption-attachment-1616\" style=\"width: 273px\" class=\"wp-caption aligncenter\"><a href=\"https:\/\/biston.edu.uy\/wp-content\/uploads\/2021\/11\/JC-Decaux-web-scaled.jpg\"><img loading=\"lazy\" decoding=\"async\" class=\"wp-image-1616 \" src=\"https:\/\/biston.edu.uy\/wp-content\/uploads\/2021\/11\/JC-Decaux-web-300x227.jpg\" alt=\"\" width=\"273\" height=\"206\" srcset=\"https:\/\/biston.edu.uy\/wp-content\/uploads\/2021\/11\/JC-Decaux-web-300x227.jpg 300w, https:\/\/biston.edu.uy\/wp-content\/uploads\/2021\/11\/JC-Decaux-web-1024x776.jpg 1024w, https:\/\/biston.edu.uy\/wp-content\/uploads\/2021\/11\/JC-Decaux-web-768x582.jpg 768w, https:\/\/biston.edu.uy\/wp-content\/uploads\/2021\/11\/JC-Decaux-web-1536x1164.jpg 1536w, https:\/\/biston.edu.uy\/wp-content\/uploads\/2021\/11\/JC-Decaux-web-2048x1551.jpg 2048w, https:\/\/biston.edu.uy\/wp-content\/uploads\/2021\/11\/JC-Decaux-web-600x455.jpg 600w\" sizes=\"auto, (max-width: 273px) 100vw, 273px\" \/><\/a><figcaption id=\"caption-attachment-1616\" class=\"wp-caption-text\"><span style=\"color: #333399;\"><strong><span style=\"font-size: 13px;\">JC DECAUX<\/span><\/strong><\/span><\/figcaption><\/figure>\n<figure id=\"attachment_4222\" aria-describedby=\"caption-attachment-4222\" style=\"width: 270px\" class=\"wp-caption aligncenter\"><a href=\"https:\/\/biston.edu.uy\/wp-content\/uploads\/2021\/11\/Foto-web-7.jpg\"><img loading=\"lazy\" decoding=\"async\" class=\"wp-image-4222\" src=\"https:\/\/biston.edu.uy\/wp-content\/uploads\/2021\/11\/Foto-web-7.jpg\" alt=\"\" width=\"270\" height=\"203\" srcset=\"https:\/\/biston.edu.uy\/wp-content\/uploads\/2021\/11\/Foto-web-7.jpg 910w, https:\/\/biston.edu.uy\/wp-content\/uploads\/2021\/11\/Foto-web-7-300x225.jpg 300w, https:\/\/biston.edu.uy\/wp-content\/uploads\/2021\/11\/Foto-web-7-768x576.jpg 768w, https:\/\/biston.edu.uy\/wp-content\/uploads\/2021\/11\/Foto-web-7-600x450.jpg 600w\" sizes=\"auto, (max-width: 270px) 100vw, 270px\" \/><\/a><figcaption id=\"caption-attachment-4222\" class=\"wp-caption-text\"><span style=\"font-size: 13px; color: #333399;\"><strong>MULTICONTAINER<\/strong><\/span><\/figcaption><\/figure>\n<figure id=\"attachment_1729\" aria-describedby=\"caption-attachment-1729\" style=\"width: 271px\" class=\"wp-caption aligncenter\"><a href=\"https:\/\/biston.edu.uy\/wp-content\/uploads\/2021\/11\/IECOD-web-2.jpg\"><img loading=\"lazy\" decoding=\"async\" class=\"wp-image-1729 \" src=\"https:\/\/biston.edu.uy\/wp-content\/uploads\/2021\/11\/IECOD-web-2-300x238.jpg\" alt=\"\" width=\"271\" height=\"215\" srcset=\"https:\/\/biston.edu.uy\/wp-content\/uploads\/2021\/11\/IECOD-web-2-300x238.jpg 300w, https:\/\/biston.edu.uy\/wp-content\/uploads\/2021\/11\/IECOD-web-2-1024x812.jpg 1024w, https:\/\/biston.edu.uy\/wp-content\/uploads\/2021\/11\/IECOD-web-2-768x609.jpg 768w, https:\/\/biston.edu.uy\/wp-content\/uploads\/2021\/11\/IECOD-web-2-600x476.jpg 600w, https:\/\/biston.edu.uy\/wp-content\/uploads\/2021\/11\/IECOD-web-2.jpg 1494w\" sizes=\"auto, (max-width: 271px) 100vw, 271px\" \/><\/a><figcaption id=\"caption-attachment-1729\" class=\"wp-caption-text\"><span style=\"color: #333399;\"><strong><span style=\"font-size: 13px;\">IECOD URUGUAY (Durazno)<\/span><\/strong><\/span><\/figcaption><\/figure>\n<figure id=\"attachment_2827\" aria-describedby=\"caption-attachment-2827\" style=\"width: 266px\" class=\"wp-caption aligncenter\"><a href=\"https:\/\/biston.edu.uy\/wp-content\/uploads\/2021\/11\/Foto-3-web.jpg\"><img loading=\"lazy\" decoding=\"async\" class=\"wp-image-2827\" src=\"https:\/\/biston.edu.uy\/wp-content\/uploads\/2021\/11\/Foto-3-web.jpg\" alt=\"\" width=\"266\" height=\"200\" srcset=\"https:\/\/biston.edu.uy\/wp-content\/uploads\/2021\/11\/Foto-3-web.jpg 1440w, https:\/\/biston.edu.uy\/wp-content\/uploads\/2021\/11\/Foto-3-web-300x225.jpg 300w, https:\/\/biston.edu.uy\/wp-content\/uploads\/2021\/11\/Foto-3-web-1024x768.jpg 1024w, https:\/\/biston.edu.uy\/wp-content\/uploads\/2021\/11\/Foto-3-web-768x576.jpg 768w, https:\/\/biston.edu.uy\/wp-content\/uploads\/2021\/11\/Foto-3-web-600x450.jpg 600w\" sizes=\"auto, (max-width: 266px) 100vw, 266px\" \/><\/a><figcaption id=\"caption-attachment-2827\" class=\"wp-caption-text\"><span style=\"color: #333399;\"><strong><span style=\"font-size: 13px;\">NORTE CONSTRUCCIONES<\/span><\/strong><\/span><\/figcaption><\/figure>\n<figure id=\"attachment_4121\" aria-describedby=\"caption-attachment-4121\" style=\"width: 267px\" class=\"wp-caption aligncenter\"><a href=\"https:\/\/biston.edu.uy\/wp-content\/uploads\/2021\/11\/Foto-web-5.jpg\"><img loading=\"lazy\" decoding=\"async\" class=\"wp-image-4121\" src=\"https:\/\/biston.edu.uy\/wp-content\/uploads\/2021\/11\/Foto-web-5.jpg\" alt=\"\" width=\"267\" height=\"201\" srcset=\"https:\/\/biston.edu.uy\/wp-content\/uploads\/2021\/11\/Foto-web-5.jpg 984w, https:\/\/biston.edu.uy\/wp-content\/uploads\/2021\/11\/Foto-web-5-300x225.jpg 300w, https:\/\/biston.edu.uy\/wp-content\/uploads\/2021\/11\/Foto-web-5-768x576.jpg 768w, https:\/\/biston.edu.uy\/wp-content\/uploads\/2021\/11\/Foto-web-5-600x450.jpg 600w\" sizes=\"auto, (max-width: 267px) 100vw, 267px\" \/><\/a><figcaption id=\"caption-attachment-4121\" class=\"wp-caption-text\"><span style=\"font-size: 13px;\"><strong><span style=\"color: #333399;\">PROLESA (Santa Luc\u00eda &#8211; Canelones)<\/span><\/strong><\/span><\/figcaption><\/figure>\n<figure id=\"attachment_4220\" aria-describedby=\"caption-attachment-4220\" style=\"width: 272px\" class=\"wp-caption aligncenter\"><a href=\"https:\/\/biston.edu.uy\/wp-content\/uploads\/2021\/11\/Aldao-web.jpg\"><img loading=\"lazy\" decoding=\"async\" class=\"wp-image-4220\" src=\"https:\/\/biston.edu.uy\/wp-content\/uploads\/2021\/11\/Aldao-web.jpg\" alt=\"\" width=\"272\" height=\"204\" srcset=\"https:\/\/biston.edu.uy\/wp-content\/uploads\/2021\/11\/Aldao-web.jpg 586w, https:\/\/biston.edu.uy\/wp-content\/uploads\/2021\/11\/Aldao-web-300x225.jpg 300w\" sizes=\"auto, (max-width: 272px) 100vw, 272px\" \/><\/a><figcaption id=\"caption-attachment-4220\" class=\"wp-caption-text\"><span style=\"font-size: 13px; color: #333399;\"><strong>ALDAO METAL\u00daRGICA (Paysand\u00fa)<\/strong><\/span><\/figcaption><\/figure>\n<figure id=\"attachment_4271\" aria-describedby=\"caption-attachment-4271\" style=\"width: 272px\" class=\"wp-caption aligncenter\"><a href=\"https:\/\/biston.edu.uy\/wp-content\/uploads\/2021\/11\/Hidrogrua-1.jpg\"><img loading=\"lazy\" decoding=\"async\" class=\"wp-image-4271\" src=\"https:\/\/biston.edu.uy\/wp-content\/uploads\/2021\/11\/Hidrogrua-1.jpg\" alt=\"\" width=\"272\" height=\"204\" srcset=\"https:\/\/biston.edu.uy\/wp-content\/uploads\/2021\/11\/Hidrogrua-1.jpg 942w, https:\/\/biston.edu.uy\/wp-content\/uploads\/2021\/11\/Hidrogrua-1-300x225.jpg 300w, https:\/\/biston.edu.uy\/wp-content\/uploads\/2021\/11\/Hidrogrua-1-768x576.jpg 768w, https:\/\/biston.edu.uy\/wp-content\/uploads\/2021\/11\/Hidrogrua-1-600x450.jpg 600w\" sizes=\"auto, (max-width: 272px) 100vw, 272px\" \/><\/a><figcaption id=\"caption-attachment-4271\" class=\"wp-caption-text\"><span style=\"color: #333399; font-size: 13px;\"><strong>JT DE LE\u00d3N &amp; C\u00eda (Maldonado)<\/strong><\/span><\/figcaption><\/figure>\n<figure id=\"attachment_4323\" aria-describedby=\"caption-attachment-4323\" style=\"width: 274px\" class=\"wp-caption aligncenter\"><a href=\"https:\/\/biston.edu.uy\/wp-content\/uploads\/2021\/11\/Ahoyador-1.png\"><img loading=\"lazy\" decoding=\"async\" class=\"wp-image-4323\" src=\"https:\/\/biston.edu.uy\/wp-content\/uploads\/2021\/11\/Ahoyador-1.png\" alt=\"\" width=\"274\" height=\"205\" srcset=\"https:\/\/biston.edu.uy\/wp-content\/uploads\/2021\/11\/Ahoyador-1.png 891w, https:\/\/biston.edu.uy\/wp-content\/uploads\/2021\/11\/Ahoyador-1-300x225.png 300w, https:\/\/biston.edu.uy\/wp-content\/uploads\/2021\/11\/Ahoyador-1-768x576.png 768w, https:\/\/biston.edu.uy\/wp-content\/uploads\/2021\/11\/Ahoyador-1-600x450.png 600w\" sizes=\"auto, (max-width: 274px) 100vw, 274px\" \/><\/a><figcaption id=\"caption-attachment-4323\" class=\"wp-caption-text\"><span style=\"font-size: 13px;\"><strong><span style=\"color: #333399;\">TECNOBALIZAS<\/span><\/strong><\/span><\/figcaption><\/figure>\n<figure id=\"attachment_4548\" aria-describedby=\"caption-attachment-4548\" style=\"width: 275px\" class=\"wp-caption aligncenter\"><a href=\"https:\/\/biston.edu.uy\/wp-content\/uploads\/2021\/11\/Eldecor-web.png\"><img loading=\"lazy\" decoding=\"async\" class=\"wp-image-4548\" src=\"https:\/\/biston.edu.uy\/wp-content\/uploads\/2021\/11\/Eldecor-web.png\" alt=\"\" width=\"275\" height=\"207\" srcset=\"https:\/\/biston.edu.uy\/wp-content\/uploads\/2021\/11\/Eldecor-web.png 1256w, https:\/\/biston.edu.uy\/wp-content\/uploads\/2021\/11\/Eldecor-web-300x225.png 300w, https:\/\/biston.edu.uy\/wp-content\/uploads\/2021\/11\/Eldecor-web-1024x768.png 1024w, https:\/\/biston.edu.uy\/wp-content\/uploads\/2021\/11\/Eldecor-web-768x576.png 768w, https:\/\/biston.edu.uy\/wp-content\/uploads\/2021\/11\/Eldecor-web-600x450.png 600w\" sizes=\"auto, (max-width: 275px) 100vw, 275px\" \/><\/a><figcaption id=\"caption-attachment-4548\" class=\"wp-caption-text\"><span style=\"color: #333399; font-size: 13px;\"><strong>ELDECOR (Canelones)<\/strong><\/span><\/figcaption><\/figure>\n<figure id=\"attachment_4609\" aria-describedby=\"caption-attachment-4609\" style=\"width: 272px\" class=\"wp-caption aligncenter\"><a href=\"https:\/\/biston.edu.uy\/wp-content\/uploads\/2021\/11\/Nivel-2.png\"><img loading=\"lazy\" decoding=\"async\" class=\"wp-image-4609\" src=\"https:\/\/biston.edu.uy\/wp-content\/uploads\/2021\/11\/Nivel-2.png\" alt=\"\" width=\"272\" height=\"204\" srcset=\"https:\/\/biston.edu.uy\/wp-content\/uploads\/2021\/11\/Nivel-2.png 1026w, https:\/\/biston.edu.uy\/wp-content\/uploads\/2021\/11\/Nivel-2-300x225.png 300w, https:\/\/biston.edu.uy\/wp-content\/uploads\/2021\/11\/Nivel-2-1024x768.png 1024w, https:\/\/biston.edu.uy\/wp-content\/uploads\/2021\/11\/Nivel-2-768x576.png 768w, https:\/\/biston.edu.uy\/wp-content\/uploads\/2021\/11\/Nivel-2-600x450.png 600w\" sizes=\"auto, (max-width: 272px) 100vw, 272px\" \/><\/a><figcaption id=\"caption-attachment-4609\" class=\"wp-caption-text\"><span style=\"font-size: 13px;\"><strong><span style=\"color: #333399;\">NIVEL ESPACIOS VERDES<\/span><\/strong><\/span><\/figcaption><\/figure>\n<figure id=\"attachment_5269\" aria-describedby=\"caption-attachment-5269\" style=\"width: 268px\" class=\"wp-caption aligncenter\"><a href=\"https:\/\/biston.edu.uy\/wp-content\/uploads\/2021\/11\/Metalurgica-Gandolfo.png\"><img loading=\"lazy\" decoding=\"async\" class=\"wp-image-5269\" src=\"https:\/\/biston.edu.uy\/wp-content\/uploads\/2021\/11\/Metalurgica-Gandolfo.png\" alt=\"\" width=\"268\" height=\"201\" srcset=\"https:\/\/biston.edu.uy\/wp-content\/uploads\/2021\/11\/Metalurgica-Gandolfo.png 984w, https:\/\/biston.edu.uy\/wp-content\/uploads\/2021\/11\/Metalurgica-Gandolfo-300x225.png 300w, https:\/\/biston.edu.uy\/wp-content\/uploads\/2021\/11\/Metalurgica-Gandolfo-768x576.png 768w, https:\/\/biston.edu.uy\/wp-content\/uploads\/2021\/11\/Metalurgica-Gandolfo-600x450.png 600w\" sizes=\"auto, (max-width: 268px) 100vw, 268px\" \/><\/a><figcaption id=\"caption-attachment-5269\" class=\"wp-caption-text\"><span style=\"font-size: 13px;\"><strong><span style=\"color: #333399;\">METAL\u00daRGICA GANDOLFO<\/span><\/strong><\/span><\/figcaption><\/figure>\n<figure id=\"attachment_5928\" aria-describedby=\"caption-attachment-5928\" style=\"width: 268px\" class=\"wp-caption aligncenter\"><a href=\"https:\/\/biston.edu.uy\/wp-content\/uploads\/2021\/11\/Stiler-1.png\"><img loading=\"lazy\" decoding=\"async\" class=\"wp-image-5928\" src=\"https:\/\/biston.edu.uy\/wp-content\/uploads\/2021\/11\/Stiler-1.png\" alt=\"\" width=\"268\" height=\"201\" srcset=\"https:\/\/biston.edu.uy\/wp-content\/uploads\/2021\/11\/Stiler-1.png 984w, https:\/\/biston.edu.uy\/wp-content\/uploads\/2021\/11\/Stiler-1-300x225.png 300w, https:\/\/biston.edu.uy\/wp-content\/uploads\/2021\/11\/Stiler-1-768x576.png 768w, https:\/\/biston.edu.uy\/wp-content\/uploads\/2021\/11\/Stiler-1-600x450.png 600w\" sizes=\"auto, (max-width: 268px) 100vw, 268px\" \/><\/a><figcaption id=\"caption-attachment-5928\" class=\"wp-caption-text\"><span style=\"color: #333399; font-size: 13px;\"><strong>STILER<\/strong><\/span><\/figcaption><\/figure>\n<p style=\"text-align: center;\"><span style=\"font-size: 18px;\">6) <span style=\"text-decoration: underline;\">Informaci\u00f3n adicional<\/span><\/span><\/p>\n<ul>\n<li><span style=\"font-size: 16px;\"><span style=\"text-decoration: underline;\">Requisitos de ingreso<\/span>:\u00a0\u00a0<span style=\"color: #333399;\"><strong>contar con libreta de conducir categor\u00eda B, C, D o F.\u00a0<\/strong><\/span><\/span><\/li>\n<\/ul>\n<ul>\n<li><span style=\"font-size: 16px;\">Grupos reducidos.<\/span><\/li>\n<\/ul>\n<ul>\n<li><span style=\"font-size: 16px;\">Precios bonificados para operarios con experiencia.<\/span><\/li>\n<\/ul>\n<ul>\n<li><span style=\"font-size: 16px;\"><strong><span style=\"color: #333399;\">Personas en situaci\u00f3n de Seguro de Desempleo <\/span><\/strong><\/span><span style=\"color: #333399;\"><strong><span style=\"font-size: 16px;\">pueden realizar el curso sin costo.<\/span>\u00a0<\/strong><\/span><\/li>\n<\/ul>\n<ul>\n<li><span style=\"font-size: 16px;\">Por consultas contactarse al <span style=\"text-decoration: underline;\"><span style=\"color: #333399;\"><strong>091477309<\/strong><\/span><\/span><\/span><\/li>\n<\/ul>\n<ul>\n<li><span style=\"font-size: 16px;\">Para seguirnos en nuestras redes ingresar <a href=\"https:\/\/www.instagram.com\/bistonuruguay\/\"><em><span style=\"text-decoration: underline;\"><span style=\"color: #333399;\"><strong>aqu\u00ed<\/strong><\/span><\/span><\/em><\/a><\/span><\/li>\n<li style=\"list-style-type: none;\"><\/li>\n<\/ul>\n<p>&nbsp;<\/p>\n<p>&nbsp;<\/p>\n","protected":false},"featured_media":4570,"comment_status":"closed","ping_status":"closed","template":"","meta":[],"product_brand":[],"product_cat":[21,20],"product_tag":[],"class_list":{"0":"post-1291","1":"product","2":"type-product","3":"status-publish","4":"has-post-thumbnail","6":"product_cat-a-solicitud-de-empresas","7":"product_cat-cursos","8":"entry","9":"has-media","11":"first","12":"instock","13":"shipping-taxable","14":"product-type-simple"},"aioseo_notices":[],"_links":{"self":[{"href":"https:\/\/biston.edu.uy\/index.php\/wp-json\/wp\/v2\/product\/1291","targetHints":{"allow":["GET"]}}],"collection":[{"href":"https:\/\/biston.edu.uy\/index.php\/wp-json\/wp\/v2\/product"}],"about":[{"href":"https:\/\/biston.edu.uy\/index.php\/wp-json\/wp\/v2\/types\/product"}],"replies":[{"embeddable":true,"href":"https:\/\/biston.edu.uy\/index.php\/wp-json\/wp\/v2\/comments?post=1291"}],"wp:featuredmedia":[{"embeddable":true,"href":"https:\/\/biston.edu.uy\/index.php\/wp-json\/wp\/v2\/media\/4570"}],"wp:attachment":[{"href":"https:\/\/biston.edu.uy\/index.php\/wp-json\/wp\/v2\/media?parent=1291"}],"wp:term":[{"taxonomy":"product_brand","embeddable":true,"href":"https:\/\/biston.edu.uy\/index.php\/wp-json\/wp\/v2\/product_brand?post=1291"},{"taxonomy":"product_cat","embeddable":true,"href":"https:\/\/biston.edu.uy\/index.php\/wp-json\/wp\/v2\/product_cat?post=1291"},{"taxonomy":"product_tag","embeddable":true,"href":"https:\/\/biston.edu.uy\/index.php\/wp-json\/wp\/v2\/product_tag?post=1291"}],"curies":[{"name":"wp","href":"https:\/\/api.w.org\/{rel}","templated":true}]}}