{"id":1941,"date":"2021-11-06T08:20:31","date_gmt":"2021-11-06T11:20:31","guid":{"rendered":"https:\/\/biston.edu.uy\/?post_type=product&#038;p=1941"},"modified":"2026-01-31T16:23:14","modified_gmt":"2026-01-31T19:23:14","slug":"operacion-de-tractores","status":"publish","type":"product","link":"https:\/\/biston.edu.uy\/index.php\/producto\/operacion-de-tractores\/","title":{"rendered":"Curso Operaci\u00f3n de Tractores (a solicitud de empresas)"},"content":{"rendered":"","protected":false},"excerpt":{"rendered":"<p style=\"text-align: center;\"><span style=\"font-size: 18px;\">1)<\/span> <span style=\"text-decoration: underline;\"><span style=\"font-size: 18px;\">Presentaci\u00f3n institucional<\/span><\/span><\/p>\n<p><span style=\"font-size: 16px;\"><span style=\"color: #333399;\"><strong>Biston Uruguay<\/strong><\/span> imparte capacitaciones para <span style=\"text-decoration: underline;\"><span style=\"color: #333399; text-decoration: underline;\"><strong>empresas,<\/strong><\/span><\/span> <span style=\"text-decoration: underline;\"><span style=\"color: #333399; text-decoration: underline;\"><strong>instituciones p\u00fablicas y particulares<\/strong><\/span><\/span>\u00a0desde el <span style=\"color: #333399;\"><strong>a\u00f1o 2012<\/strong><\/span>.<\/span><\/p>\n<p><span style=\"font-size: 16px;\">Contamos con Registro en el\u00a0<span style=\"color: #333399;\"><strong>Ministerio de Educaci\u00f3n y Cultura<\/strong><\/span> y en el\u00a0<span style=\"color: #333399;\"><strong>INEFOP<\/strong><\/span>\u00a0(Eca 197)<\/span><\/p>\n<p><span style=\"font-size: 16px;\">Por mayor informaci\u00f3n sobre las mismas se puede visitar el link: <span style=\"color: #333399;\"><strong><a style=\"color: #333399;\" title=\"Empresas que conf\u00edan en nosotros\" href=\"https:\/\/biston.edu.uy\/index.php\/instituciones-y-empresas-que-confian-en-nosotros\/\">instituciones y empresas que conf\u00edan con nosotros<\/a>.<\/strong>\u00a0 \u00a0<\/span><\/span><\/p>\n<p style=\"text-align: center;\"><span style=\"font-size: 18px;\">2) <span style=\"text-decoration: underline;\">Curso Operaci\u00f3n de Tractores<\/span><\/span><\/p>\n<p><a href=\"https:\/\/biston.edu.uy\/wp-content\/uploads\/2023\/06\/Tractores-3.jpg\"><img loading=\"lazy\" decoding=\"async\" class=\"size-medium wp-image-1942 aligncenter\" src=\"https:\/\/biston.edu.uy\/wp-content\/uploads\/2023\/06\/Tractores-3-300x119.jpg\" alt=\"\" width=\"300\" height=\"119\" srcset=\"https:\/\/biston.edu.uy\/wp-content\/uploads\/2023\/06\/Tractores-3-300x119.jpg 300w, https:\/\/biston.edu.uy\/wp-content\/uploads\/2023\/06\/Tractores-3-1024x405.jpg 1024w, https:\/\/biston.edu.uy\/wp-content\/uploads\/2023\/06\/Tractores-3-768x304.jpg 768w, https:\/\/biston.edu.uy\/wp-content\/uploads\/2023\/06\/Tractores-3-600x237.jpg 600w, https:\/\/biston.edu.uy\/wp-content\/uploads\/2023\/06\/Tractores-3.jpg 1370w\" sizes=\"auto, (max-width: 300px) 100vw, 300px\" \/><\/a><\/p>\n<p><span style=\"font-size: 16px;\">El curso se realiza para <span style=\"color: #333399;\"><strong>empresas<\/strong><\/span>, en el cual se abordan los siguientes contenidos:<\/span><\/p>\n<p style=\"text-align: center;\"><span style=\"color: #333399;\"><strong><span style=\"font-size: 16px;\"><span style=\"text-decoration: underline;\">Introducci\u00f3n te\u00f3rica:<\/span>\u00a0 <\/span><\/strong><\/span><\/p>\n<ul>\n<li><span style=\"font-size: 16px;\">Definici\u00f3n, caracter\u00edsticas y usos. Mantenimiento diario y preventivo: su importancia y aspectos que involucra.<\/span><\/li>\n<\/ul>\n<ul>\n<li><span style=\"font-size: 16px;\">Aspectos operativos y de seguridad laboral en la ejecuci\u00f3n de tareas. Causas m\u00e1s comunes de accidentes.<\/span><\/li>\n<\/ul>\n<ul>\n<li><span style=\"font-size: 16px;\">Diversos accesorios que suelen utilizar. Caracter\u00edsticas y funciones. Aspectos de seguridad a tener en cuenta en su acople, desacople y operaci\u00f3n.\u00a0<\/span><\/li>\n<\/ul>\n<ul>\n<li><span style=\"font-size: 16px;\">Normativa vigente para conducci\u00f3n y operaci\u00f3n de maquinaria agr\u00edcola.<\/span><\/li>\n<\/ul>\n<p style=\"text-align: center;\"><span style=\"color: #333399;\"><strong><span style=\"font-size: 16px;\"><span style=\"text-decoration: underline;\">M\u00f3dulo de pr\u00e1ctica:<\/span> <\/span><\/strong><\/span><\/p>\n<ul>\n<li><span style=\"font-size: 16px;\">chequeo preventivo del equipo y tareas propias de estos equipos.<\/span><\/li>\n<\/ul>\n<p><a href=\"https:\/\/biston.edu.uy\/wp-content\/uploads\/2023\/06\/Malteria-4-1.jpg\"><img loading=\"lazy\" decoding=\"async\" class=\"size-medium wp-image-1945 aligncenter\" src=\"https:\/\/biston.edu.uy\/wp-content\/uploads\/2023\/06\/Malteria-4-1-300x225.jpg\" alt=\"\" width=\"300\" height=\"225\" srcset=\"https:\/\/biston.edu.uy\/wp-content\/uploads\/2023\/06\/Malteria-4-1-300x225.jpg 300w, https:\/\/biston.edu.uy\/wp-content\/uploads\/2023\/06\/Malteria-4-1-768x576.jpg 768w, https:\/\/biston.edu.uy\/wp-content\/uploads\/2023\/06\/Malteria-4-1-600x450.jpg 600w, https:\/\/biston.edu.uy\/wp-content\/uploads\/2023\/06\/Malteria-4-1.jpg 892w\" sizes=\"auto, (max-width: 300px) 100vw, 300px\" \/><\/a><\/p>\n<p style=\"text-align: center;\"><span style=\"font-size: 18px;\">3) <span style=\"text-decoration: underline;\">Algunas capacitaciones impartidas<\/span><\/span><\/p>\n<figure id=\"attachment_1943\" aria-describedby=\"caption-attachment-1943\" style=\"width: 295px\" class=\"wp-caption aligncenter\"><a href=\"https:\/\/biston.edu.uy\/wp-content\/uploads\/2023\/06\/Malteria-3.jpg\"><img loading=\"lazy\" decoding=\"async\" class=\"wp-image-1943 size-medium\" src=\"https:\/\/biston.edu.uy\/wp-content\/uploads\/2023\/06\/Malteria-3-295x300.jpg\" alt=\"\" width=\"295\" height=\"300\" srcset=\"https:\/\/biston.edu.uy\/wp-content\/uploads\/2023\/06\/Malteria-3-295x300.jpg 295w, https:\/\/biston.edu.uy\/wp-content\/uploads\/2023\/06\/Malteria-3-768x782.jpg 768w, https:\/\/biston.edu.uy\/wp-content\/uploads\/2023\/06\/Malteria-3-600x611.jpg 600w, https:\/\/biston.edu.uy\/wp-content\/uploads\/2023\/06\/Malteria-3.jpg 899w\" sizes=\"auto, (max-width: 295px) 100vw, 295px\" \/><\/a><figcaption id=\"caption-attachment-1943\" class=\"wp-caption-text\"><span style=\"color: #333399; font-size: 13px;\"><strong>MALTER\u00cdA URUGUAY &#8211; NUEVA PALMIRA<\/strong><\/span><\/figcaption><\/figure>\n<figure id=\"attachment_2071\" aria-describedby=\"caption-attachment-2071\" style=\"width: 300px\" class=\"wp-caption aligncenter\"><a href=\"https:\/\/biston.edu.uy\/wp-content\/uploads\/2021\/11\/Foto-4-5.jpg\"><img loading=\"lazy\" decoding=\"async\" class=\"wp-image-2071 size-medium\" src=\"https:\/\/biston.edu.uy\/wp-content\/uploads\/2021\/11\/Foto-4-5-300x225.jpg\" alt=\"\" width=\"300\" height=\"225\" srcset=\"https:\/\/biston.edu.uy\/wp-content\/uploads\/2021\/11\/Foto-4-5-300x225.jpg 300w, https:\/\/biston.edu.uy\/wp-content\/uploads\/2021\/11\/Foto-4-5-1024x768.jpg 1024w, https:\/\/biston.edu.uy\/wp-content\/uploads\/2021\/11\/Foto-4-5-768x576.jpg 768w, https:\/\/biston.edu.uy\/wp-content\/uploads\/2021\/11\/Foto-4-5-1536x1152.jpg 1536w, https:\/\/biston.edu.uy\/wp-content\/uploads\/2021\/11\/Foto-4-5-600x450.jpg 600w, https:\/\/biston.edu.uy\/wp-content\/uploads\/2021\/11\/Foto-4-5.jpg 2000w\" sizes=\"auto, (max-width: 300px) 100vw, 300px\" \/><\/a><figcaption id=\"caption-attachment-2071\" class=\"wp-caption-text\"><span style=\"color: #333399; font-size: 13px;\"><strong>NIVEL ESPACIOS VERDES<\/strong><\/span><\/figcaption><\/figure>\n<figure id=\"attachment_5432\" aria-describedby=\"caption-attachment-5432\" style=\"width: 296px\" class=\"wp-caption aligncenter\"><a href=\"https:\/\/biston.edu.uy\/wp-content\/uploads\/2025\/09\/Foto-Ambev-2.jpg\"><img loading=\"lazy\" decoding=\"async\" class=\"wp-image-5432\" src=\"https:\/\/biston.edu.uy\/wp-content\/uploads\/2025\/09\/Foto-Ambev-2.jpg\" alt=\"\" width=\"296\" height=\"222\" srcset=\"https:\/\/biston.edu.uy\/wp-content\/uploads\/2025\/09\/Foto-Ambev-2.jpg 984w, https:\/\/biston.edu.uy\/wp-content\/uploads\/2025\/09\/Foto-Ambev-2-300x225.jpg 300w, https:\/\/biston.edu.uy\/wp-content\/uploads\/2025\/09\/Foto-Ambev-2-768x576.jpg 768w, https:\/\/biston.edu.uy\/wp-content\/uploads\/2025\/09\/Foto-Ambev-2-600x450.jpg 600w\" sizes=\"auto, (max-width: 296px) 100vw, 296px\" \/><\/a><figcaption id=\"caption-attachment-5432\" class=\"wp-caption-text\"><span style=\"color: #333399; font-size: 13px;\"><strong>AMBEV Malter\u00eda Paysand\u00fa<\/strong><\/span><\/figcaption><\/figure>\n<p style=\"text-align: center;\"><span style=\"font-size: 18px;\">4) <span style=\"text-decoration: underline;\">Informaci\u00f3n adicional<\/span><\/span><\/p>\n<ul>\n<li><span style=\"font-size: 16px;\"><span style=\"text-decoration: underline;\">Requisitos<\/span>:\u00a0 contar con maquinaria para la pr\u00e1ctica.<\/span><\/li>\n<\/ul>\n<ul>\n<li><span style=\"color: #333399; font-size: 16px;\"><strong>El curso incluye entrega de manual impreso y certificaci\u00f3n.<\/strong><\/span><\/li>\n<\/ul>\n<ul>\n<li><span style=\"font-size: 16px;\">Grupos reducidos<\/span><\/li>\n<\/ul>\n<ul>\n<li><span style=\"font-size: 16px;\">Por consultas contactarse al <span style=\"color: #333399;\"><strong>091477309<\/strong><\/span><\/span><\/li>\n<\/ul>\n<p><a href=\"https:\/\/biston.edu.uy\/wp-content\/uploads\/2023\/06\/Tractores-4.jpg\"><img loading=\"lazy\" decoding=\"async\" class=\" wp-image-1946 aligncenter\" src=\"https:\/\/biston.edu.uy\/wp-content\/uploads\/2023\/06\/Tractores-4-300x93.jpg\" alt=\"\" width=\"323\" height=\"100\" srcset=\"https:\/\/biston.edu.uy\/wp-content\/uploads\/2023\/06\/Tractores-4-300x93.jpg 300w, https:\/\/biston.edu.uy\/wp-content\/uploads\/2023\/06\/Tractores-4-1024x316.jpg 1024w, https:\/\/biston.edu.uy\/wp-content\/uploads\/2023\/06\/Tractores-4-768x237.jpg 768w, https:\/\/biston.edu.uy\/wp-content\/uploads\/2023\/06\/Tractores-4-1536x474.jpg 1536w, https:\/\/biston.edu.uy\/wp-content\/uploads\/2023\/06\/Tractores-4-600x185.jpg 600w, https:\/\/biston.edu.uy\/wp-content\/uploads\/2023\/06\/Tractores-4.jpg 1849w\" sizes=\"auto, (max-width: 323px) 100vw, 323px\" \/><\/a><\/p>\n<p>&nbsp;<\/p>\n","protected":false},"featured_media":2070,"comment_status":"closed","ping_status":"closed","template":"","meta":[],"product_brand":[],"product_cat":[21,20],"product_tag":[],"class_list":{"0":"post-1941","1":"product","2":"type-product","3":"status-publish","4":"has-post-thumbnail","6":"product_cat-a-solicitud-de-empresas","7":"product_cat-cursos","8":"entry","9":"has-media","11":"first","12":"instock","13":"shipping-taxable","14":"product-type-simple"},"aioseo_notices":[],"_links":{"self":[{"href":"https:\/\/biston.edu.uy\/index.php\/wp-json\/wp\/v2\/product\/1941","targetHints":{"allow":["GET"]}}],"collection":[{"href":"https:\/\/biston.edu.uy\/index.php\/wp-json\/wp\/v2\/product"}],"about":[{"href":"https:\/\/biston.edu.uy\/index.php\/wp-json\/wp\/v2\/types\/product"}],"replies":[{"embeddable":true,"href":"https:\/\/biston.edu.uy\/index.php\/wp-json\/wp\/v2\/comments?post=1941"}],"wp:featuredmedia":[{"embeddable":true,"href":"https:\/\/biston.edu.uy\/index.php\/wp-json\/wp\/v2\/media\/2070"}],"wp:attachment":[{"href":"https:\/\/biston.edu.uy\/index.php\/wp-json\/wp\/v2\/media?parent=1941"}],"wp:term":[{"taxonomy":"product_brand","embeddable":true,"href":"https:\/\/biston.edu.uy\/index.php\/wp-json\/wp\/v2\/product_brand?post=1941"},{"taxonomy":"product_cat","embeddable":true,"href":"https:\/\/biston.edu.uy\/index.php\/wp-json\/wp\/v2\/product_cat?post=1941"},{"taxonomy":"product_tag","embeddable":true,"href":"https:\/\/biston.edu.uy\/index.php\/wp-json\/wp\/v2\/product_tag?post=1941"}],"curies":[{"name":"wp","href":"https:\/\/api.w.org\/{rel}","templated":true}]}}