{"id":2460,"date":"2021-11-09T10:31:46","date_gmt":"2021-11-09T13:31:46","guid":{"rendered":"https:\/\/biston.edu.uy\/?post_type=product&#038;p=2460"},"modified":"2026-01-31T12:52:11","modified_gmt":"2026-01-31T15:52:11","slug":"operacion-de-excavadoras-y-miniexcavadoras-a-solicitud-de-empresas","status":"publish","type":"product","link":"https:\/\/biston.edu.uy\/index.php\/producto\/operacion-de-excavadoras-y-miniexcavadoras-a-solicitud-de-empresas\/","title":{"rendered":"Cursos Operaci\u00f3n de Excavadoras y Miniexcavadoras (a solicitud de empresas)"},"content":{"rendered":"<p>&nbsp;<\/p>\n<div id=\"sconnect-is-installed\" style=\"display: none;\">2.14.0.0<\/div>\n","protected":false},"excerpt":{"rendered":"<p style=\"text-align: center;\"><span style=\"font-size: 18px;\">1)<\/span> <span style=\"text-decoration: underline;\"><span style=\"font-size: 18px;\">Presentaci\u00f3n institucional<\/span><\/span><\/p>\n<p><span style=\"font-size: 16px;\"><span style=\"color: #333399;\"><strong>Biston Uruguay<\/strong><\/span> imparte capacitaciones para <span style=\"text-decoration: underline;\"><span style=\"color: #333399; text-decoration: underline;\"><strong>empresas,<\/strong><\/span><\/span> <span style=\"text-decoration: underline;\"><span style=\"color: #333399; text-decoration: underline;\"><strong>instituciones p\u00fablicas y particulares<\/strong><\/span><\/span>\u00a0desde el <span style=\"color: #333399;\"><strong>a\u00f1o 2012<\/strong><\/span>.<\/span><\/p>\n<p><span style=\"font-size: 16px;\">Contamos con Registro en el\u00a0<span style=\"color: #333399;\"><strong>Ministerio de Educaci\u00f3n y Cultura<\/strong><\/span>\u00a0(con exoneraci\u00f3n vigente) as\u00ed como en el\u00a0<span style=\"color: #333399;\"><strong>INEFOP<\/strong><\/span>\u00a0(Eca 197)<\/span><\/p>\n<p><span style=\"font-size: 16px;\">Por m\u00e1s informaci\u00f3n sobre capacitaciones impartidas se puede ingresar al link: <span style=\"color: #333399;\"><strong><a style=\"color: #333399;\" href=\"https:\/\/biston.edu.uy\/index.php\/instituciones-y-empresas-que-confian-en-nosotros\/\">Instituciones y empresas que conf\u00edan en nosotros<\/a>.<\/strong><\/span><\/span><\/p>\n<p style=\"text-align: center;\"><span style=\"font-size: 18px;\">2) <span style=\"text-decoration: underline;\">Operaci\u00f3n de Excavadoras y Miniexcavadoras<\/span><\/span><\/p>\n<p><span style=\"font-size: 16px;\">Las capacitaciones se ajustan a las necesidades puntuales de empresas que precisen capacitar a su personal, tanto para operarios\/as con y sin experiencia.<\/span><\/p>\n<figure id=\"attachment_2475\" aria-describedby=\"caption-attachment-2475\" style=\"width: 532px\" class=\"wp-caption aligncenter\"><a href=\"https:\/\/biston.edu.uy\/wp-content\/uploads\/2021\/11\/Carga-camion-scaled.jpg\"><img loading=\"lazy\" decoding=\"async\" class=\"wp-image-2475\" src=\"https:\/\/biston.edu.uy\/wp-content\/uploads\/2021\/11\/Carga-camion-scaled.jpg\" alt=\"\" width=\"532\" height=\"211\" srcset=\"https:\/\/biston.edu.uy\/wp-content\/uploads\/2021\/11\/Carga-camion-scaled.jpg 2560w, https:\/\/biston.edu.uy\/wp-content\/uploads\/2021\/11\/Carga-camion-300x119.jpg 300w, https:\/\/biston.edu.uy\/wp-content\/uploads\/2021\/11\/Carga-camion-1024x405.jpg 1024w, https:\/\/biston.edu.uy\/wp-content\/uploads\/2021\/11\/Carga-camion-768x304.jpg 768w, https:\/\/biston.edu.uy\/wp-content\/uploads\/2021\/11\/Carga-camion-1536x608.jpg 1536w, https:\/\/biston.edu.uy\/wp-content\/uploads\/2021\/11\/Carga-camion-2048x811.jpg 2048w, https:\/\/biston.edu.uy\/wp-content\/uploads\/2021\/11\/Carga-camion-600x238.jpg 600w\" sizes=\"auto, (max-width: 532px) 100vw, 532px\" \/><\/a><figcaption id=\"caption-attachment-2475\" class=\"wp-caption-text\"><span style=\"font-size: 12px; color: #333399;\"><strong>Capacitaci\u00f3n Excavadoras empresa Stiler<\/strong><\/span><\/figcaption><\/figure>\n<p style=\"text-align: center;\"><span style=\"font-size: 18px;\">3) <span style=\"text-decoration: underline;\">\u00cdndice Program\u00e1tico<\/span><\/span><\/p>\n<ul>\n<li><span style=\"font-size: 16px;\">Informaci\u00f3n sobre aspectos operativos, de mantenimiento y de Prevenci\u00f3n de Riesgos Laborales (Decreto 125\/14). Tipos de mantenimientos. Cuales son responsabilidad de quien las opera y cuales de personal t\u00e9cnico.<\/span><\/li>\n<\/ul>\n<ul>\n<li><span style=\"font-size: 16px;\">Caracter\u00edsticas de estos equipos. Comandos y accesorios. Precauci\u00f3n durante el ascenso y descenso de la m\u00e1quina. T\u00e9cnicas de operaci\u00f3n y aspectos de seguridad a tener en cuenta durante el desarrollo de las tareas.<\/span><\/li>\n<\/ul>\n<ul>\n<li><span style=\"font-size: 16px;\">Pr\u00e1ctica de tareas usuales de estas m\u00e1quinas:<\/span><\/li>\n<\/ul>\n<ul>\n<li style=\"list-style-type: none;\">\n<ul class=\"check-list\">\n<li><span style=\"font-size: 16px;\">carga, acarreo y descarga de material;<\/span><\/li>\n<li><span style=\"font-size: 16px;\">circulaci\u00f3n en espacios reducidos;<\/span><\/li>\n<li><span style=\"font-size: 16px;\">carga de cami\u00f3n.<\/span><\/li>\n<\/ul>\n<\/li>\n<\/ul>\n<p style=\"text-align: center;\"><span style=\"font-size: 18px;\">4) <span style=\"text-decoration: underline;\">Algunas capacitaciones impartidas<\/span><\/span><\/p>\n<figure id=\"attachment_951\" aria-describedby=\"caption-attachment-951\" style=\"width: 401px\" class=\"wp-caption aligncenter\"><a href=\"https:\/\/biston.edu.uy\/wp-content\/uploads\/2021\/04\/Excavadora-sobre-oruga-1.jpg\"><img loading=\"lazy\" decoding=\"async\" class=\"wp-image-951\" src=\"https:\/\/biston.edu.uy\/wp-content\/uploads\/2021\/04\/Excavadora-sobre-oruga-1.jpg\" alt=\"\" width=\"401\" height=\"301\" srcset=\"https:\/\/biston.edu.uy\/wp-content\/uploads\/2021\/04\/Excavadora-sobre-oruga-1.jpg 800w, https:\/\/biston.edu.uy\/wp-content\/uploads\/2021\/04\/Excavadora-sobre-oruga-1-300x225.jpg 300w, https:\/\/biston.edu.uy\/wp-content\/uploads\/2021\/04\/Excavadora-sobre-oruga-1-768x576.jpg 768w, https:\/\/biston.edu.uy\/wp-content\/uploads\/2021\/04\/Excavadora-sobre-oruga-1-600x450.jpg 600w\" sizes=\"auto, (max-width: 401px) 100vw, 401px\" \/><\/a><figcaption id=\"caption-attachment-951\" class=\"wp-caption-text\"><span style=\"color: #333399;\"><strong><span style=\"font-size: 12px;\">Excavadoras sobre Oruga &#8211; <span style=\"font-size: 13px;\">STILER<\/span><\/span><\/strong><\/span><\/figcaption><\/figure>\n<figure id=\"attachment_2471\" aria-describedby=\"caption-attachment-2471\" style=\"width: 400px\" class=\"wp-caption aligncenter\"><a href=\"https:\/\/biston.edu.uy\/wp-content\/uploads\/2021\/11\/Compacta-Uy-SAS-scaled.jpg\"><img loading=\"lazy\" decoding=\"async\" class=\"wp-image-2471\" src=\"https:\/\/biston.edu.uy\/wp-content\/uploads\/2021\/11\/Compacta-Uy-SAS-scaled.jpg\" alt=\"\" width=\"400\" height=\"277\" srcset=\"https:\/\/biston.edu.uy\/wp-content\/uploads\/2021\/11\/Compacta-Uy-SAS-scaled.jpg 2560w, https:\/\/biston.edu.uy\/wp-content\/uploads\/2021\/11\/Compacta-Uy-SAS-300x207.jpg 300w, https:\/\/biston.edu.uy\/wp-content\/uploads\/2021\/11\/Compacta-Uy-SAS-1024x707.jpg 1024w, https:\/\/biston.edu.uy\/wp-content\/uploads\/2021\/11\/Compacta-Uy-SAS-768x530.jpg 768w, https:\/\/biston.edu.uy\/wp-content\/uploads\/2021\/11\/Compacta-Uy-SAS-1536x1061.jpg 1536w, https:\/\/biston.edu.uy\/wp-content\/uploads\/2021\/11\/Compacta-Uy-SAS-2048x1414.jpg 2048w, https:\/\/biston.edu.uy\/wp-content\/uploads\/2021\/11\/Compacta-Uy-SAS-600x414.jpg 600w\" sizes=\"auto, (max-width: 400px) 100vw, 400px\" \/><\/a><figcaption id=\"caption-attachment-2471\" class=\"wp-caption-text\"><span style=\"font-size: 12px; color: #333399;\"><strong>Excavadoras sobre Oruga &#8211; COMPACTA UY SAS<\/strong><\/span><\/figcaption><\/figure>\n<figure id=\"attachment_2491\" aria-describedby=\"caption-attachment-2491\" style=\"width: 397px\" class=\"wp-caption aligncenter\"><a href=\"https:\/\/biston.edu.uy\/wp-content\/uploads\/2021\/11\/Foto-6-version-web-1.jpg\"><img loading=\"lazy\" decoding=\"async\" class=\"wp-image-2491\" src=\"https:\/\/biston.edu.uy\/wp-content\/uploads\/2021\/11\/Foto-6-version-web-1.jpg\" alt=\"\" width=\"397\" height=\"298\" srcset=\"https:\/\/biston.edu.uy\/wp-content\/uploads\/2021\/11\/Foto-6-version-web-1.jpg 1228w, https:\/\/biston.edu.uy\/wp-content\/uploads\/2021\/11\/Foto-6-version-web-1-300x225.jpg 300w, https:\/\/biston.edu.uy\/wp-content\/uploads\/2021\/11\/Foto-6-version-web-1-1024x768.jpg 1024w, https:\/\/biston.edu.uy\/wp-content\/uploads\/2021\/11\/Foto-6-version-web-1-768x576.jpg 768w, https:\/\/biston.edu.uy\/wp-content\/uploads\/2021\/11\/Foto-6-version-web-1-600x450.jpg 600w\" sizes=\"auto, (max-width: 397px) 100vw, 397px\" \/><\/a><figcaption id=\"caption-attachment-2491\" class=\"wp-caption-text\"><span style=\"color: #333399;\"><strong><span style=\"font-size: 12px;\">Excavadoras sobre Oruga &#8211; RG SERVICIOS INTEGRALES<\/span><\/strong><\/span><\/figcaption><\/figure>\n<figure id=\"attachment_2535\" aria-describedby=\"caption-attachment-2535\" style=\"width: 395px\" class=\"wp-caption aligncenter\"><a href=\"https:\/\/biston.edu.uy\/wp-content\/uploads\/2021\/11\/Foto-10-2.jpg\"><img loading=\"lazy\" decoding=\"async\" class=\"wp-image-2535\" src=\"https:\/\/biston.edu.uy\/wp-content\/uploads\/2021\/11\/Foto-10-2.jpg\" alt=\"\" width=\"395\" height=\"297\" srcset=\"https:\/\/biston.edu.uy\/wp-content\/uploads\/2021\/11\/Foto-10-2.jpg 480w, https:\/\/biston.edu.uy\/wp-content\/uploads\/2021\/11\/Foto-10-2-300x225.jpg 300w\" sizes=\"auto, (max-width: 395px) 100vw, 395px\" \/><\/a><figcaption id=\"caption-attachment-2535\" class=\"wp-caption-text\"><span style=\"color: #333399; font-size: 12px;\"><strong>Excavadoras sobre Oruga &#8211; BARRACA FABI\u00c1N &#8211; Florida<\/strong><\/span><\/figcaption><\/figure>\n<figure id=\"attachment_3179\" aria-describedby=\"caption-attachment-3179\" style=\"width: 391px\" class=\"wp-caption aligncenter\"><a href=\"https:\/\/biston.edu.uy\/wp-content\/uploads\/2021\/11\/Foto-web-1-1.jpg\"><img loading=\"lazy\" decoding=\"async\" class=\"wp-image-3179\" src=\"https:\/\/biston.edu.uy\/wp-content\/uploads\/2021\/11\/Foto-web-1-1.jpg\" alt=\"\" width=\"391\" height=\"294\" srcset=\"https:\/\/biston.edu.uy\/wp-content\/uploads\/2021\/11\/Foto-web-1-1.jpg 1536w, https:\/\/biston.edu.uy\/wp-content\/uploads\/2021\/11\/Foto-web-1-1-300x225.jpg 300w, https:\/\/biston.edu.uy\/wp-content\/uploads\/2021\/11\/Foto-web-1-1-1024x768.jpg 1024w, https:\/\/biston.edu.uy\/wp-content\/uploads\/2021\/11\/Foto-web-1-1-768x576.jpg 768w, https:\/\/biston.edu.uy\/wp-content\/uploads\/2021\/11\/Foto-web-1-1-600x450.jpg 600w\" sizes=\"auto, (max-width: 391px) 100vw, 391px\" \/><\/a><figcaption id=\"caption-attachment-3179\" class=\"wp-caption-text\"><span style=\"color: #333399;\"><strong><span style=\"font-size: 12px;\">Excavadoras sobre Oruga &#8211; RIDEWELL\u00a0<\/span><\/strong><\/span><\/figcaption><\/figure>\n<figure id=\"attachment_2472\" aria-describedby=\"caption-attachment-2472\" style=\"width: 389px\" class=\"wp-caption aligncenter\"><a href=\"https:\/\/biston.edu.uy\/wp-content\/uploads\/2021\/11\/Foto-Excavadora-sobre-neumaticos.jpg\"><img loading=\"lazy\" decoding=\"async\" class=\"wp-image-2472\" src=\"https:\/\/biston.edu.uy\/wp-content\/uploads\/2021\/11\/Foto-Excavadora-sobre-neumaticos.jpg\" alt=\"\" width=\"389\" height=\"285\" srcset=\"https:\/\/biston.edu.uy\/wp-content\/uploads\/2021\/11\/Foto-Excavadora-sobre-neumaticos.jpg 1200w, https:\/\/biston.edu.uy\/wp-content\/uploads\/2021\/11\/Foto-Excavadora-sobre-neumaticos-300x220.jpg 300w, https:\/\/biston.edu.uy\/wp-content\/uploads\/2021\/11\/Foto-Excavadora-sobre-neumaticos-1024x752.jpg 1024w, https:\/\/biston.edu.uy\/wp-content\/uploads\/2021\/11\/Foto-Excavadora-sobre-neumaticos-768x564.jpg 768w, https:\/\/biston.edu.uy\/wp-content\/uploads\/2021\/11\/Foto-Excavadora-sobre-neumaticos-600x441.jpg 600w\" sizes=\"auto, (max-width: 389px) 100vw, 389px\" \/><\/a><figcaption id=\"caption-attachment-2472\" class=\"wp-caption-text\"><span style=\"font-size: 12px; color: #333399;\"><strong>Excavadoras sobre Neum\u00e1ticos &#8211; STILER<\/strong><\/span><\/figcaption><\/figure>\n<figure id=\"attachment_2473\" aria-describedby=\"caption-attachment-2473\" style=\"width: 386px\" class=\"wp-caption aligncenter\"><a href=\"https:\/\/biston.edu.uy\/wp-content\/uploads\/2021\/11\/Miniexcavadora.jpg\"><img loading=\"lazy\" decoding=\"async\" class=\"wp-image-2473\" src=\"https:\/\/biston.edu.uy\/wp-content\/uploads\/2021\/11\/Miniexcavadora.jpg\" alt=\"\" width=\"386\" height=\"298\" srcset=\"https:\/\/biston.edu.uy\/wp-content\/uploads\/2021\/11\/Miniexcavadora.jpg 1200w, https:\/\/biston.edu.uy\/wp-content\/uploads\/2021\/11\/Miniexcavadora-300x232.jpg 300w, https:\/\/biston.edu.uy\/wp-content\/uploads\/2021\/11\/Miniexcavadora-1024x792.jpg 1024w, https:\/\/biston.edu.uy\/wp-content\/uploads\/2021\/11\/Miniexcavadora-768x594.jpg 768w, https:\/\/biston.edu.uy\/wp-content\/uploads\/2021\/11\/Miniexcavadora-600x464.jpg 600w\" sizes=\"auto, (max-width: 386px) 100vw, 386px\" \/><\/a><figcaption id=\"caption-attachment-2473\" class=\"wp-caption-text\"><span style=\"font-size: 12px; color: #333399;\"><strong>Operaci\u00f3n de Miniexcavadoras &#8211; STILER<\/strong><\/span><\/figcaption><\/figure>\n<figure id=\"attachment_2537\" aria-describedby=\"caption-attachment-2537\" style=\"width: 386px\" class=\"wp-caption aligncenter\"><a href=\"https:\/\/biston.edu.uy\/wp-content\/uploads\/2021\/11\/Foto-1-8.jpg\"><img loading=\"lazy\" decoding=\"async\" class=\"wp-image-2537\" src=\"https:\/\/biston.edu.uy\/wp-content\/uploads\/2021\/11\/Foto-1-8.jpg\" alt=\"\" width=\"386\" height=\"290\" srcset=\"https:\/\/biston.edu.uy\/wp-content\/uploads\/2021\/11\/Foto-1-8.jpg 942w, https:\/\/biston.edu.uy\/wp-content\/uploads\/2021\/11\/Foto-1-8-300x225.jpg 300w, https:\/\/biston.edu.uy\/wp-content\/uploads\/2021\/11\/Foto-1-8-768x576.jpg 768w, https:\/\/biston.edu.uy\/wp-content\/uploads\/2021\/11\/Foto-1-8-600x450.jpg 600w\" sizes=\"auto, (max-width: 386px) 100vw, 386px\" \/><\/a><figcaption id=\"caption-attachment-2537\" class=\"wp-caption-text\"><span style=\"color: #333399;\"><strong><span style=\"font-size: 12px;\">Operaci\u00f3n de Miniexcavadoras &#8211; JT DE LE\u00d3N (Maldonado)<\/span><\/strong><\/span><\/figcaption><\/figure>\n<figure id=\"attachment_2536\" aria-describedby=\"caption-attachment-2536\" style=\"width: 383px\" class=\"wp-caption aligncenter\"><a href=\"https:\/\/biston.edu.uy\/wp-content\/uploads\/2021\/11\/Miniexcavadora-7.jpg\"><img loading=\"lazy\" decoding=\"async\" class=\"wp-image-2536\" src=\"https:\/\/biston.edu.uy\/wp-content\/uploads\/2021\/11\/Miniexcavadora-7.jpg\" alt=\"\" width=\"383\" height=\"288\" srcset=\"https:\/\/biston.edu.uy\/wp-content\/uploads\/2021\/11\/Miniexcavadora-7.jpg 1229w, https:\/\/biston.edu.uy\/wp-content\/uploads\/2021\/11\/Miniexcavadora-7-300x225.jpg 300w, https:\/\/biston.edu.uy\/wp-content\/uploads\/2021\/11\/Miniexcavadora-7-1024x768.jpg 1024w, https:\/\/biston.edu.uy\/wp-content\/uploads\/2021\/11\/Miniexcavadora-7-768x576.jpg 768w, https:\/\/biston.edu.uy\/wp-content\/uploads\/2021\/11\/Miniexcavadora-7-600x450.jpg 600w\" sizes=\"auto, (max-width: 383px) 100vw, 383px\" \/><\/a><figcaption id=\"caption-attachment-2536\" class=\"wp-caption-text\"><span style=\"color: #333399; font-size: 12px;\"><strong>Operaci\u00f3n Miniexcavadoras &#8211; CORAL MOLDEADOS (Maldonado)<\/strong><\/span><\/figcaption><\/figure>\n<figure id=\"attachment_4383\" aria-describedby=\"caption-attachment-4383\" style=\"width: 392px\" class=\"wp-caption aligncenter\"><a href=\"https:\/\/biston.edu.uy\/wp-content\/uploads\/2021\/11\/Foto-web-CIR.png\"><img loading=\"lazy\" decoding=\"async\" class=\"wp-image-4383\" src=\"https:\/\/biston.edu.uy\/wp-content\/uploads\/2021\/11\/Foto-web-CIR.png\" alt=\"\" width=\"392\" height=\"294\" srcset=\"https:\/\/biston.edu.uy\/wp-content\/uploads\/2021\/11\/Foto-web-CIR.png 1128w, https:\/\/biston.edu.uy\/wp-content\/uploads\/2021\/11\/Foto-web-CIR-300x225.png 300w, https:\/\/biston.edu.uy\/wp-content\/uploads\/2021\/11\/Foto-web-CIR-1024x768.png 1024w, https:\/\/biston.edu.uy\/wp-content\/uploads\/2021\/11\/Foto-web-CIR-768x576.png 768w, https:\/\/biston.edu.uy\/wp-content\/uploads\/2021\/11\/Foto-web-CIR-600x450.png 600w\" sizes=\"auto, (max-width: 392px) 100vw, 392px\" \/><\/a><figcaption id=\"caption-attachment-4383\" class=\"wp-caption-text\"><span style=\"font-size: 13px; color: #333399;\"><strong>Operaci\u00f3n Miniexcavadoras &#8211; CIR SA<\/strong><\/span><\/figcaption><\/figure>\n<p style=\"text-align: center;\"><span style=\"font-size: 18px;\">5) <span style=\"text-decoration: underline;\">Informaci\u00f3n adicional<\/span><\/span><\/p>\n<ul>\n<li><span style=\"font-size: 16px;\">Por consultas sobre carga horaria, precios u otra informaci\u00f3n contactarse al <span style=\"color: #333399;\"><strong>091477309<\/strong><\/span><\/span><\/li>\n<\/ul>\n<ul>\n<li><span style=\"font-size: 16px;\">Capacitaciones en todo el pa\u00eds<\/span><\/li>\n<\/ul>\n<p>&nbsp;<\/p>\n<div class=\"mceTemp\"><\/div>\n<div id=\"sconnect-is-installed\" style=\"display: none;\">2.14.0.0<\/div>\n","protected":false},"featured_media":2474,"comment_status":"closed","ping_status":"closed","template":"","meta":[],"product_brand":[],"product_cat":[21,20],"product_tag":[],"class_list":{"0":"post-2460","1":"product","2":"type-product","3":"status-publish","4":"has-post-thumbnail","6":"product_cat-a-solicitud-de-empresas","7":"product_cat-cursos","8":"entry","9":"has-media","11":"first","12":"instock","13":"shipping-taxable","14":"product-type-simple"},"aioseo_notices":[],"_links":{"self":[{"href":"https:\/\/biston.edu.uy\/index.php\/wp-json\/wp\/v2\/product\/2460","targetHints":{"allow":["GET"]}}],"collection":[{"href":"https:\/\/biston.edu.uy\/index.php\/wp-json\/wp\/v2\/product"}],"about":[{"href":"https:\/\/biston.edu.uy\/index.php\/wp-json\/wp\/v2\/types\/product"}],"replies":[{"embeddable":true,"href":"https:\/\/biston.edu.uy\/index.php\/wp-json\/wp\/v2\/comments?post=2460"}],"wp:featuredmedia":[{"embeddable":true,"href":"https:\/\/biston.edu.uy\/index.php\/wp-json\/wp\/v2\/media\/2474"}],"wp:attachment":[{"href":"https:\/\/biston.edu.uy\/index.php\/wp-json\/wp\/v2\/media?parent=2460"}],"wp:term":[{"taxonomy":"product_brand","embeddable":true,"href":"https:\/\/biston.edu.uy\/index.php\/wp-json\/wp\/v2\/product_brand?post=2460"},{"taxonomy":"product_cat","embeddable":true,"href":"https:\/\/biston.edu.uy\/index.php\/wp-json\/wp\/v2\/product_cat?post=2460"},{"taxonomy":"product_tag","embeddable":true,"href":"https:\/\/biston.edu.uy\/index.php\/wp-json\/wp\/v2\/product_tag?post=2460"}],"curies":[{"name":"wp","href":"https:\/\/api.w.org\/{rel}","templated":true}]}}