{"id":2714,"date":"2021-11-08T15:28:04","date_gmt":"2021-11-08T18:28:04","guid":{"rendered":"https:\/\/biston.edu.uy\/?post_type=product&#038;p=2714"},"modified":"2026-01-31T16:17:55","modified_gmt":"2026-01-31T19:17:55","slug":"operacion-de-plataformas-sobre-camion-a-solicitud-de-empresas","status":"publish","type":"product","link":"https:\/\/biston.edu.uy\/index.php\/producto\/operacion-de-plataformas-sobre-camion-a-solicitud-de-empresas\/","title":{"rendered":"Curso Operaci\u00f3n de Plataformas Elevadoras de Personas sobre Cami\u00f3n &#8211; PEMP (a solicitud de empresas)"},"content":{"rendered":"","protected":false},"excerpt":{"rendered":"<p style=\"text-align: center;\"><span style=\"font-size: 18px;\">1)<\/span> <span style=\"text-decoration: underline;\"><span style=\"font-size: 18px;\">Presentaci\u00f3n institucional<\/span><\/span><\/p>\n<p><span style=\"font-size: 16px;\"><span style=\"color: #333399;\"><strong>Biston Uruguay<\/strong><\/span> imparte capacitaciones para <span style=\"text-decoration: underline;\"><span style=\"color: #333399; text-decoration: underline;\"><strong>empresas,<\/strong><\/span><\/span> <span style=\"text-decoration: underline;\"><span style=\"color: #333399; text-decoration: underline;\"><strong>instituciones p\u00fablicas y particulares<\/strong><\/span><\/span>\u00a0desde el <span style=\"color: #333399;\"><strong>a\u00f1o 2012<\/strong><\/span>.<\/span><\/p>\n<p><span style=\"font-size: 16px;\">Contamos con Registro en el\u00a0<span style=\"color: #333399;\"><strong>Ministerio de Educaci\u00f3n y Cultura<\/strong><\/span> as\u00ed como en el <span style=\"color: #333399;\"><strong>INEFOP<\/strong><\/span>\u00a0(Eca 197)<\/span><\/p>\n<p><span style=\"font-size: 16px;\">Por m\u00e1s informaci\u00f3n sobre capacitaciones impartidas se puede ingresar al link: <span style=\"color: #333399;\"><strong><a style=\"color: #333399;\" href=\"https:\/\/biston.edu.uy\/index.php\/instituciones-y-empresas-que-confian-en-nosotros\/\">Instituciones y empresas que conf\u00edan en nosotros<\/a>.<\/strong><\/span><\/span><\/p>\n<p style=\"text-align: center;\"><span style=\"font-size: 18px;\">2) <span style=\"text-decoration: underline;\">Curso Operaci\u00f3n de Plataformas sobre Cami\u00f3n<\/span><\/span><a href=\"https:\/\/biston.edu.uy\/wp-content\/uploads\/2024\/07\/Plataforma-4.jpg\"><img loading=\"lazy\" decoding=\"async\" class=\"wp-image-2718 aligncenter\" src=\"https:\/\/biston.edu.uy\/wp-content\/uploads\/2024\/07\/Plataforma-4.jpg\" alt=\"\" width=\"335\" height=\"335\" srcset=\"https:\/\/biston.edu.uy\/wp-content\/uploads\/2024\/07\/Plataforma-4.jpg 1000w, https:\/\/biston.edu.uy\/wp-content\/uploads\/2024\/07\/Plataforma-4-300x300.jpg 300w, https:\/\/biston.edu.uy\/wp-content\/uploads\/2024\/07\/Plataforma-4-150x150.jpg 150w, https:\/\/biston.edu.uy\/wp-content\/uploads\/2024\/07\/Plataforma-4-768x768.jpg 768w, https:\/\/biston.edu.uy\/wp-content\/uploads\/2024\/07\/Plataforma-4-600x600.jpg 600w, https:\/\/biston.edu.uy\/wp-content\/uploads\/2024\/07\/Plataforma-4-100x100.jpg 100w\" sizes=\"auto, (max-width: 335px) 100vw, 335px\" \/><\/a><\/p>\n<p><span style=\"font-size: 16px;\">Las capacitaciones se organizan para <span style=\"color: #333399;\"><strong>empresas<\/strong><\/span>, e incluyen los siguientes contenidos:<\/span><\/p>\n<ul>\n<li><span style=\"font-size: 16px;\"><span style=\"text-decoration: underline;\">Introducci\u00f3n te\u00f3rica:<\/span>\u00a0 Definici\u00f3n y categor\u00edas de Plataformas Elevadoras M\u00f3viles de Personal (PEMP-PTA) Aspectos operativos, de mantenimiento y de seguridad (Decreto 125\/14) Ejemplos de accidentes. Emplazamiento y nivelaci\u00f3n del cami\u00f3n. Despliegue de la plataforma. Precauciones al realizar tareas pr\u00f3ximo a postes el\u00e9ctricos. Se\u00f1ales. Equipo de Protecci\u00f3n personal. Mantenimientos que requieren estos equipos.<\/span><\/li>\n<\/ul>\n<ul>\n<li><span style=\"font-size: 16px;\"><span style=\"text-decoration: underline;\">Realizaci\u00f3n de pr\u00e1cticas:<\/span> revisi\u00f3n del equipo y tareas de izaje\u00a0 cumpliendo las normas de seguridad correspondientes.<\/span><\/li>\n<\/ul>\n<p style=\"text-align: center;\"><span style=\"font-size: 18px;\">3) <span style=\"text-decoration: underline;\">Algunas capacitaciones impartidas<\/span><\/span><\/p>\n<p><a href=\"https:\/\/biston.edu.uy\/wp-content\/uploads\/2021\/11\/Casupa-3.jpg\"><img loading=\"lazy\" decoding=\"async\" class=\"wp-image-5276 aligncenter\" src=\"https:\/\/biston.edu.uy\/wp-content\/uploads\/2021\/11\/Casupa-3.jpg\" alt=\"\" width=\"339\" height=\"254\" srcset=\"https:\/\/biston.edu.uy\/wp-content\/uploads\/2021\/11\/Casupa-3.jpg 886w, https:\/\/biston.edu.uy\/wp-content\/uploads\/2021\/11\/Casupa-3-300x225.jpg 300w, https:\/\/biston.edu.uy\/wp-content\/uploads\/2021\/11\/Casupa-3-768x576.jpg 768w, https:\/\/biston.edu.uy\/wp-content\/uploads\/2021\/11\/Casupa-3-600x450.jpg 600w\" sizes=\"auto, (max-width: 339px) 100vw, 339px\" \/><\/a><\/p>\n<figure id=\"attachment_5277\" aria-describedby=\"caption-attachment-5277\" style=\"width: 341px\" class=\"wp-caption aligncenter\"><a href=\"https:\/\/biston.edu.uy\/wp-content\/uploads\/2021\/11\/Casupa-5.jpg\"><img loading=\"lazy\" decoding=\"async\" class=\"wp-image-5277\" src=\"https:\/\/biston.edu.uy\/wp-content\/uploads\/2021\/11\/Casupa-5.jpg\" alt=\"\" width=\"341\" height=\"256\" srcset=\"https:\/\/biston.edu.uy\/wp-content\/uploads\/2021\/11\/Casupa-5.jpg 1127w, https:\/\/biston.edu.uy\/wp-content\/uploads\/2021\/11\/Casupa-5-300x225.jpg 300w, https:\/\/biston.edu.uy\/wp-content\/uploads\/2021\/11\/Casupa-5-1024x768.jpg 1024w, https:\/\/biston.edu.uy\/wp-content\/uploads\/2021\/11\/Casupa-5-768x576.jpg 768w, https:\/\/biston.edu.uy\/wp-content\/uploads\/2021\/11\/Casupa-5-600x450.jpg 600w\" sizes=\"auto, (max-width: 341px) 100vw, 341px\" \/><\/a><figcaption id=\"caption-attachment-5277\" class=\"wp-caption-text\"><span style=\"color: #333399; font-size: 13px;\"><strong>Operaci\u00f3n de Plataformas M\u00f3viles sobre Cami\u00f3n (Pemps) &#8211; Municipio de Casup\u00e1 &#8211; Dpto. de Florida<\/strong><\/span><\/figcaption><\/figure>\n<p style=\"text-align: center;\"><span style=\"font-size: 18px;\">4) <span style=\"text-decoration: underline;\">Informaci\u00f3n adicional<\/span><\/span><\/p>\n<ul>\n<li><span style=\"font-size: 16px;\"><span style=\"text-decoration: underline;\">Requisitos de ingreso<\/span>:\u00a0\u00a0<span style=\"color: #333399;\"><strong>contar con libreta de conducir categor\u00eda C, D o F.\u00a0<\/strong><\/span><\/span><\/li>\n<\/ul>\n<ul>\n<li><span style=\"color: #333399; font-size: 16px;\"><strong>Las capacitaciones incluyen entrega de manual impreso, certificaci\u00f3n y <span style=\"text-decoration: underline;\">carn\u00e9 de operario<\/span>.<\/strong><\/span><\/li>\n<\/ul>\n<ul>\n<li><span style=\"font-size: 16px;\">Por consultas contactarse al <span style=\"color: #333399;\"><strong>091477309<\/strong><\/span><\/span><\/li>\n<\/ul>\n<ul>\n<li style=\"list-style-type: none;\"><\/li>\n<\/ul>\n<p>&nbsp;<\/p>\n<p>&nbsp;<\/p>\n","protected":false},"featured_media":2715,"comment_status":"closed","ping_status":"closed","template":"","meta":[],"product_brand":[],"product_cat":[21,20],"product_tag":[],"class_list":{"0":"post-2714","1":"product","2":"type-product","3":"status-publish","4":"has-post-thumbnail","6":"product_cat-a-solicitud-de-empresas","7":"product_cat-cursos","8":"entry","9":"has-media","11":"first","12":"instock","13":"shipping-taxable","14":"product-type-simple"},"aioseo_notices":[],"_links":{"self":[{"href":"https:\/\/biston.edu.uy\/index.php\/wp-json\/wp\/v2\/product\/2714","targetHints":{"allow":["GET"]}}],"collection":[{"href":"https:\/\/biston.edu.uy\/index.php\/wp-json\/wp\/v2\/product"}],"about":[{"href":"https:\/\/biston.edu.uy\/index.php\/wp-json\/wp\/v2\/types\/product"}],"replies":[{"embeddable":true,"href":"https:\/\/biston.edu.uy\/index.php\/wp-json\/wp\/v2\/comments?post=2714"}],"wp:featuredmedia":[{"embeddable":true,"href":"https:\/\/biston.edu.uy\/index.php\/wp-json\/wp\/v2\/media\/2715"}],"wp:attachment":[{"href":"https:\/\/biston.edu.uy\/index.php\/wp-json\/wp\/v2\/media?parent=2714"}],"wp:term":[{"taxonomy":"product_brand","embeddable":true,"href":"https:\/\/biston.edu.uy\/index.php\/wp-json\/wp\/v2\/product_brand?post=2714"},{"taxonomy":"product_cat","embeddable":true,"href":"https:\/\/biston.edu.uy\/index.php\/wp-json\/wp\/v2\/product_cat?post=2714"},{"taxonomy":"product_tag","embeddable":true,"href":"https:\/\/biston.edu.uy\/index.php\/wp-json\/wp\/v2\/product_tag?post=2714"}],"curies":[{"name":"wp","href":"https:\/\/api.w.org\/{rel}","templated":true}]}}