{"id":5309,"date":"2021-11-07T18:13:32","date_gmt":"2021-11-07T21:13:32","guid":{"rendered":"https:\/\/biston.edu.uy\/?post_type=product&#038;p=5309"},"modified":"2026-01-31T16:21:40","modified_gmt":"2026-01-31T19:21:40","slug":"curso-operacion-de-cilindros-compactadores-a-solicitud-de-empresas","status":"publish","type":"product","link":"https:\/\/biston.edu.uy\/index.php\/producto\/curso-operacion-de-cilindros-compactadores-a-solicitud-de-empresas\/","title":{"rendered":"Curso Operaci\u00f3n de Cilindros Compactadores (a solicitud de empresas)"},"content":{"rendered":"","protected":false},"excerpt":{"rendered":"<p style=\"text-align: center;\"><span style=\"font-size: 18px;\">1)<\/span> <span style=\"text-decoration: underline;\"><span style=\"font-size: 18px;\">Presentaci\u00f3n institucional<\/span><\/span><\/p>\n<p><span style=\"font-size: 16px;\"><span style=\"color: #333399;\"><strong>Biston Uruguay<\/strong><\/span> imparte capacitaciones para <span style=\"text-decoration: underline;\"><span style=\"color: #333399; text-decoration: underline;\"><strong>empresas,<\/strong><\/span><\/span> <span style=\"text-decoration: underline;\"><span style=\"color: #333399; text-decoration: underline;\"><strong>instituciones p\u00fablicas y particulares<\/strong><\/span><\/span>\u00a0desde el <span style=\"color: #333399;\"><strong>a\u00f1o 2012<\/strong><\/span>.<\/span><\/p>\n<p><span style=\"font-size: 16px;\">Contamos con Registro en el\u00a0<span style=\"color: #333399;\"><strong>Ministerio de Educaci\u00f3n y Cultura<\/strong><\/span> y en el <span style=\"color: #333399;\"><strong>INEFOP<\/strong><\/span>\u00a0(Eca 197)<\/span><\/p>\n<p><span style=\"font-size: 16px;\">Por m\u00e1s informaci\u00f3n sobre capacitaciones impartidas se puede ingresar al link: <span style=\"color: #333399;\"><strong><a style=\"color: #333399;\" href=\"https:\/\/biston.edu.uy\/index.php\/instituciones-y-empresas-que-confian-en-nosotros\/\">Instituciones y empresas que conf\u00edan en nosotros<\/a>.<\/strong><\/span><\/span><\/p>\n<p style=\"text-align: center;\"><span style=\"font-size: 18px;\">2) <span style=\"text-decoration: underline;\">Curso Operaci\u00f3n de Cilindros\u00a0 Compactadores<\/span><\/span><\/p>\n<p><a href=\"https:\/\/biston.edu.uy\/wp-content\/uploads\/2025\/08\/Foto-Stiler-1.png\"><img loading=\"lazy\" decoding=\"async\" class=\"wp-image-5315 aligncenter\" src=\"https:\/\/biston.edu.uy\/wp-content\/uploads\/2025\/08\/Foto-Stiler-1.png\" alt=\"\" width=\"349\" height=\"262\" srcset=\"https:\/\/biston.edu.uy\/wp-content\/uploads\/2025\/08\/Foto-Stiler-1.png 1256w, https:\/\/biston.edu.uy\/wp-content\/uploads\/2025\/08\/Foto-Stiler-1-300x225.png 300w, https:\/\/biston.edu.uy\/wp-content\/uploads\/2025\/08\/Foto-Stiler-1-1024x768.png 1024w, https:\/\/biston.edu.uy\/wp-content\/uploads\/2025\/08\/Foto-Stiler-1-768x576.png 768w, https:\/\/biston.edu.uy\/wp-content\/uploads\/2025\/08\/Foto-Stiler-1-600x450.png 600w\" sizes=\"auto, (max-width: 349px) 100vw, 349px\" \/><\/a><\/p>\n<p><span style=\"font-size: 16px;\">Las capacitaciones se organizan para <span style=\"color: #333399;\"><strong>empresas<\/strong><\/span>, e incluyen los siguientes contenidos:<\/span><\/p>\n<p style=\"text-align: center;\"><strong><span style=\"font-size: 16px; color: #333399;\"><span style=\"text-decoration: underline;\">Introducci\u00f3n te\u00f3rica<\/span>:<\/span><\/strong><\/p>\n<ul>\n<li><span style=\"font-size: 16px;\">proceso y m\u00e9todos de compactaci\u00f3n. Granulometr\u00eda. Tipos de suelos: grava, arena, limo, arcilla. Caracter\u00edsticas.<\/span><\/li>\n<\/ul>\n<ul>\n<li><span style=\"font-size: 16px;\">Tipos de compactaci\u00f3n. Medici\u00f3n por dens\u00edmetro nuclear. Clasificaci\u00f3n de equipos. M\u00e9todos de compactaci\u00f3n.<\/span><\/li>\n<\/ul>\n<ul>\n<li><span style=\"font-size: 16px;\">Criterio de selecci\u00f3n de equipos seg\u00fan tipo de compactaci\u00f3n que se requiera. Tareas inherentes a la operaci\u00f3n de estos equipos.<\/span><\/li>\n<\/ul>\n<ul>\n<li><span style=\"font-size: 16px;\">Transporte de equipo en plataforma. Aspectos operativos a tener en cuenta.<\/span><\/li>\n<\/ul>\n<ul>\n<li><span style=\"font-size: 16px;\">Decreto 125\/14: art\u00edculos vinculados a esta actividad<\/span><\/li>\n<\/ul>\n<p style=\"text-align: center;\"><span style=\"color: #333399;\"><strong><span style=\"font-size: 16px;\"><span style=\"text-decoration: underline;\">M\u00f3dulo de pr\u00e1ctica:<\/span> <\/span><\/strong><\/span><\/p>\n<ul>\n<li><span style=\"font-size: 16px;\">Revisi\u00f3n del equipo.<\/span><\/li>\n<\/ul>\n<ul>\n<li><span style=\"font-size: 16px;\">Tareas de circulaci\u00f3n y compactaci\u00f3n cumpliendo las normas de seguridad correspondientes.<\/span><\/li>\n<\/ul>\n<p style=\"text-align: center;\"><span style=\"font-size: 18px;\">3) <span style=\"text-decoration: underline;\">Algunas capacitaciones impartidas<\/span>:<\/span><\/p>\n<figure id=\"attachment_5317\" aria-describedby=\"caption-attachment-5317\" style=\"width: 354px\" class=\"wp-caption aligncenter\"><a href=\"https:\/\/biston.edu.uy\/wp-content\/uploads\/2025\/08\/Foto-IMM-2.jpg\"><img loading=\"lazy\" decoding=\"async\" class=\"wp-image-5317\" src=\"https:\/\/biston.edu.uy\/wp-content\/uploads\/2025\/08\/Foto-IMM-2.jpg\" alt=\"\" width=\"354\" height=\"266\" srcset=\"https:\/\/biston.edu.uy\/wp-content\/uploads\/2025\/08\/Foto-IMM-2.jpg 1200w, https:\/\/biston.edu.uy\/wp-content\/uploads\/2025\/08\/Foto-IMM-2-300x225.jpg 300w, https:\/\/biston.edu.uy\/wp-content\/uploads\/2025\/08\/Foto-IMM-2-1024x768.jpg 1024w, https:\/\/biston.edu.uy\/wp-content\/uploads\/2025\/08\/Foto-IMM-2-768x576.jpg 768w, https:\/\/biston.edu.uy\/wp-content\/uploads\/2025\/08\/Foto-IMM-2-600x450.jpg 600w\" sizes=\"auto, (max-width: 354px) 100vw, 354px\" \/><\/a><figcaption id=\"caption-attachment-5317\" class=\"wp-caption-text\"><span style=\"font-size: 13px; color: #333399;\"><strong>Intendencia Municipal de Montevideo<\/strong><\/span><\/figcaption><\/figure>\n<figure id=\"attachment_5310\" aria-describedby=\"caption-attachment-5310\" style=\"width: 355px\" class=\"wp-caption aligncenter\"><a href=\"https:\/\/biston.edu.uy\/wp-content\/uploads\/2025\/08\/Cilindro-Stiler-Canelones-4.jpg\"><img loading=\"lazy\" decoding=\"async\" class=\"wp-image-5310\" src=\"https:\/\/biston.edu.uy\/wp-content\/uploads\/2025\/08\/Cilindro-Stiler-Canelones-4.jpg\" alt=\"\" width=\"355\" height=\"266\" srcset=\"https:\/\/biston.edu.uy\/wp-content\/uploads\/2025\/08\/Cilindro-Stiler-Canelones-4.jpg 1228w, https:\/\/biston.edu.uy\/wp-content\/uploads\/2025\/08\/Cilindro-Stiler-Canelones-4-300x225.jpg 300w, https:\/\/biston.edu.uy\/wp-content\/uploads\/2025\/08\/Cilindro-Stiler-Canelones-4-1024x768.jpg 1024w, https:\/\/biston.edu.uy\/wp-content\/uploads\/2025\/08\/Cilindro-Stiler-Canelones-4-768x576.jpg 768w, https:\/\/biston.edu.uy\/wp-content\/uploads\/2025\/08\/Cilindro-Stiler-Canelones-4-600x450.jpg 600w\" sizes=\"auto, (max-width: 355px) 100vw, 355px\" \/><\/a><figcaption id=\"caption-attachment-5310\" class=\"wp-caption-text\"><span style=\"color: #333399; font-size: 13px;\"><strong>STILER &#8211; Dpto. de Canelones<\/strong><\/span><\/figcaption><\/figure>\n<figure id=\"attachment_5320\" aria-describedby=\"caption-attachment-5320\" style=\"width: 357px\" class=\"wp-caption aligncenter\"><a href=\"https:\/\/biston.edu.uy\/wp-content\/uploads\/2025\/08\/Foto-Stiler-2.png\"><img loading=\"lazy\" decoding=\"async\" class=\"wp-image-5320\" src=\"https:\/\/biston.edu.uy\/wp-content\/uploads\/2025\/08\/Foto-Stiler-2.png\" alt=\"\" width=\"357\" height=\"268\" srcset=\"https:\/\/biston.edu.uy\/wp-content\/uploads\/2025\/08\/Foto-Stiler-2.png 1005w, https:\/\/biston.edu.uy\/wp-content\/uploads\/2025\/08\/Foto-Stiler-2-300x225.png 300w, https:\/\/biston.edu.uy\/wp-content\/uploads\/2025\/08\/Foto-Stiler-2-768x576.png 768w, https:\/\/biston.edu.uy\/wp-content\/uploads\/2025\/08\/Foto-Stiler-2-600x450.png 600w\" sizes=\"auto, (max-width: 357px) 100vw, 357px\" \/><\/a><figcaption id=\"caption-attachment-5320\" class=\"wp-caption-text\"><span style=\"font-size: 13px;\"><strong><span style=\"color: #333399;\">STILER &#8211; Dpto. de Florida<\/span><\/strong><\/span><\/figcaption><\/figure>\n<figure id=\"attachment_5313\" aria-describedby=\"caption-attachment-5313\" style=\"width: 354px\" class=\"wp-caption aligncenter\"><a href=\"https:\/\/biston.edu.uy\/wp-content\/uploads\/2025\/08\/Foto-4.jpg\"><img loading=\"lazy\" decoding=\"async\" class=\"wp-image-5313\" src=\"https:\/\/biston.edu.uy\/wp-content\/uploads\/2025\/08\/Foto-4.jpg\" alt=\"\" width=\"354\" height=\"265\" srcset=\"https:\/\/biston.edu.uy\/wp-content\/uploads\/2025\/08\/Foto-4.jpg 1011w, https:\/\/biston.edu.uy\/wp-content\/uploads\/2025\/08\/Foto-4-300x225.jpg 300w, https:\/\/biston.edu.uy\/wp-content\/uploads\/2025\/08\/Foto-4-768x576.jpg 768w, https:\/\/biston.edu.uy\/wp-content\/uploads\/2025\/08\/Foto-4-600x450.jpg 600w\" sizes=\"auto, (max-width: 354px) 100vw, 354px\" \/><\/a><figcaption id=\"caption-attachment-5313\" class=\"wp-caption-text\"><span style=\"font-size: 13px; color: #333399;\"><strong>STILER &#8211; Dpto. de Montevideo<\/strong><\/span><\/figcaption><\/figure>\n<p style=\"text-align: center;\"><span style=\"font-size: 18px;\">4) <span style=\"text-decoration: underline;\">Informaci\u00f3n adicional<\/span><\/span><\/p>\n<ul>\n<li><span style=\"color: #333399; font-size: 16px;\"><strong>Las capacitaciones incluyen entrega de manual impreso y diploma.\u00a0<\/strong><\/span><\/li>\n<\/ul>\n<ul>\n<li><span style=\"font-size: 16px;\">Por consultas contactarse al <span style=\"color: #333399;\"><strong>091477309<\/strong><\/span><\/span><\/li>\n<\/ul>\n<ul>\n<li style=\"list-style-type: none;\"><\/li>\n<\/ul>\n<p>&nbsp;<\/p>\n<p>&nbsp;<\/p>\n","protected":false},"featured_media":5313,"comment_status":"closed","ping_status":"closed","template":"","meta":[],"product_brand":[],"product_cat":[21,20],"product_tag":[],"class_list":{"0":"post-5309","1":"product","2":"type-product","3":"status-publish","4":"has-post-thumbnail","6":"product_cat-a-solicitud-de-empresas","7":"product_cat-cursos","8":"entry","9":"has-media","11":"first","12":"instock","13":"shipping-taxable","14":"product-type-simple"},"aioseo_notices":[],"_links":{"self":[{"href":"https:\/\/biston.edu.uy\/index.php\/wp-json\/wp\/v2\/product\/5309","targetHints":{"allow":["GET"]}}],"collection":[{"href":"https:\/\/biston.edu.uy\/index.php\/wp-json\/wp\/v2\/product"}],"about":[{"href":"https:\/\/biston.edu.uy\/index.php\/wp-json\/wp\/v2\/types\/product"}],"replies":[{"embeddable":true,"href":"https:\/\/biston.edu.uy\/index.php\/wp-json\/wp\/v2\/comments?post=5309"}],"wp:featuredmedia":[{"embeddable":true,"href":"https:\/\/biston.edu.uy\/index.php\/wp-json\/wp\/v2\/media\/5313"}],"wp:attachment":[{"href":"https:\/\/biston.edu.uy\/index.php\/wp-json\/wp\/v2\/media?parent=5309"}],"wp:term":[{"taxonomy":"product_brand","embeddable":true,"href":"https:\/\/biston.edu.uy\/index.php\/wp-json\/wp\/v2\/product_brand?post=5309"},{"taxonomy":"product_cat","embeddable":true,"href":"https:\/\/biston.edu.uy\/index.php\/wp-json\/wp\/v2\/product_cat?post=5309"},{"taxonomy":"product_tag","embeddable":true,"href":"https:\/\/biston.edu.uy\/index.php\/wp-json\/wp\/v2\/product_tag?post=5309"}],"curies":[{"name":"wp","href":"https:\/\/api.w.org\/{rel}","templated":true}]}}